{"id":90500,"date":"2017-07-01T21:36:03","date_gmt":"2017-07-01T21:36:03","guid":{"rendered":"http:\/\/www.ceramictiles.com\/srbija\/product\/mosavit-mozaik-plocice-rock-platino\/"},"modified":"2026-01-01T00:02:14","modified_gmt":"2026-01-01T00:02:14","slug":"mosavit-mozaik-plocice-rock-platino","status":"publish","type":"product","link":"https:\/\/www.keramika.com\/srbija\/mosavit-mozaik-plocice-rock-platino\/","title":{"rendered":"Mosavit mozaik plo\u010dice Rock Platino"},"content":{"rendered":"<p>Veli\u010dina mre\u017ee 31,6&#215;31,6 cm nakoju je pritvr\u0111en, omogu\u0107ava pritvr\u0111ivanje na razli\u010dite povr\u0161ine. Ovaj mozaik je 5 mm, te je vrlo je izdr\u017eljiv. 16531,25 RSD je redovna prodajna cena keramike, tu pa samo 13225 RSD. Naj vi\u0161e se prodaju srebrne mozik plo\u010dice. Mosaic Rock Platino dolazi iz \u0160panije, koja je poznata po vrlo visokoj kvaliteta keramike u svetu.<\/p>\n<p>Vlasnike kupatilskih salona pozivamo na direktnu saradnju sa proizvo\u0111a\u010dem. Nudimo Vam direktnu kupovinu po neto cijenama i kompletan prospekto propagandni material. Mo\u017eemo Vam organizirati direktnu dobavu za manje koli\u010dine po kurirski po\u0161ti. Pozovite nas da se dobovorio \u2026.<\/p>\n<p>Technical description: <\/p>\n<p>Min. 1 box &#8211; Delivery 30 Euro\/box in EU<\/p>\n","protected":false},"excerpt":{"rendered":"<p>Veli\u010dina mre\u017ee 31,6&#215;31,6 cm nakoju je pritvr\u0111en, omogu\u0107ava pritvr\u0111ivanje na razli\u010dite povr\u0161ine. Ovaj mozaik je 5 mm, te je vrlo je izdr\u017eljiv. 16531,25 RSD je redovna prodajna cena keramike, tu pa samo 13225 RSD. Naj vi\u0161e se prodaju srebrne mozik plo\u010dice. Mosaic Rock Platino dolazi iz \u0160panije, koja je poznata po vrlo visokoj kvaliteta keramike [&hellip;]<\/p>\n","protected":false},"featured_media":90501,"template":"","meta":[],"product_cat":[999405,400,999,410],"product_tag":[99950093],"_links":{"self":[{"href":"https:\/\/www.keramika.com\/srbija\/wp-json\/wp\/v2\/product\/90500"}],"collection":[{"href":"https:\/\/www.keramika.com\/srbija\/wp-json\/wp\/v2\/product"}],"about":[{"href":"https:\/\/www.keramika.com\/srbija\/wp-json\/wp\/v2\/types\/product"}],"wp:featuredmedia":[{"embeddable":true,"href":"https:\/\/www.keramika.com\/srbija\/wp-json\/wp\/v2\/media\/90501"}],"wp:attachment":[{"href":"https:\/\/www.keramika.com\/srbija\/wp-json\/wp\/v2\/media?parent=90500"}],"wp:term":[{"taxonomy":"product_cat","embeddable":true,"href":"https:\/\/www.keramika.com\/srbija\/wp-json\/wp\/v2\/product_cat?post=90500"},{"taxonomy":"product_tag","embeddable":true,"href":"https:\/\/www.keramika.com\/srbija\/wp-json\/wp\/v2\/product_tag?post=90500"}],"curies":[{"name":"wp","href":"https:\/\/api.w.org\/{rel}","templated":true}]}}