{"id":90498,"date":"2017-07-01T21:35:40","date_gmt":"2017-07-01T21:35:40","guid":{"rendered":"http:\/\/www.ceramictiles.com\/srbija\/product\/mosavit-mozaik-plocice-rock-pasion\/"},"modified":"2026-01-01T00:02:13","modified_gmt":"2026-01-01T00:02:13","slug":"mosavit-mozaik-plocice-rock-pasion","status":"publish","type":"product","link":"https:\/\/www.keramika.com\/srbija\/mosavit-mozaik-plocice-rock-pasion\/","title":{"rendered":"Mosavit mozaik plo\u010dice Rock Pasion"},"content":{"rendered":"<p>Mozaik je debljine 5 mm, \u0161to ga \u010dini izuzetno tvrdim. 17968,75 RSD je redovna prodajna cena keramike, tu pa samo 14375 RSD. Mosaic Rock Pasion dolazi iz \u0160panije, koja je poznata po vrlo visokoj kvaliteta keramike u svetu. Dimenzije mre\u017ee na koju je pritvr\u0111en mozaik je 31,6&#215;31,6 cm. Mre\u017ea omogu\u0107ava jednostavnu instalaciju. Ove lepe, mozaik plo\u010dice crvene boje, \u0107e obogatiti svaki prostor.<\/p>\n<p>Vlasnike kupatilskih salona pozivamo na direktnu saradnju sa proizvo\u0111a\u010dem. Nudimo Vam direktnu kupovinu po neto cijenama i kompletan prospekto propagandni material. Mo\u017eemo Vam organizirati direktnu dobavu za manje koli\u010dine po kurirski po\u0161ti. Pozovite nas da se dobovorio \u2026.<\/p>\n<p>Technical description: <\/p>\n<p>Min. 1 box &#8211; Delivery 30 Euro\/box in EU<\/p>\n","protected":false},"excerpt":{"rendered":"<p>Mozaik je debljine 5 mm, \u0161to ga \u010dini izuzetno tvrdim. 17968,75 RSD je redovna prodajna cena keramike, tu pa samo 14375 RSD. Mosaic Rock Pasion dolazi iz \u0160panije, koja je poznata po vrlo visokoj kvaliteta keramike u svetu. Dimenzije mre\u017ee na koju je pritvr\u0111en mozaik je 31,6&#215;31,6 cm. Mre\u017ea omogu\u0107ava jednostavnu instalaciju. Ove lepe, mozaik [&hellip;]<\/p>\n","protected":false},"featured_media":90499,"template":"","meta":[],"product_cat":[999405,400,999,410],"product_tag":[99950093],"_links":{"self":[{"href":"https:\/\/www.keramika.com\/srbija\/wp-json\/wp\/v2\/product\/90498"}],"collection":[{"href":"https:\/\/www.keramika.com\/srbija\/wp-json\/wp\/v2\/product"}],"about":[{"href":"https:\/\/www.keramika.com\/srbija\/wp-json\/wp\/v2\/types\/product"}],"wp:featuredmedia":[{"embeddable":true,"href":"https:\/\/www.keramika.com\/srbija\/wp-json\/wp\/v2\/media\/90499"}],"wp:attachment":[{"href":"https:\/\/www.keramika.com\/srbija\/wp-json\/wp\/v2\/media?parent=90498"}],"wp:term":[{"taxonomy":"product_cat","embeddable":true,"href":"https:\/\/www.keramika.com\/srbija\/wp-json\/wp\/v2\/product_cat?post=90498"},{"taxonomy":"product_tag","embeddable":true,"href":"https:\/\/www.keramika.com\/srbija\/wp-json\/wp\/v2\/product_tag?post=90498"}],"curies":[{"name":"wp","href":"https:\/\/api.w.org\/{rel}","templated":true}]}}