{"id":90482,"date":"2017-07-01T21:32:40","date_gmt":"2017-07-01T21:32:40","guid":{"rendered":"http:\/\/www.ceramictiles.com\/srbija\/product\/mosavit-mozaik-plocice-metalica-dore\/"},"modified":"2026-01-01T00:02:12","modified_gmt":"2026-01-01T00:02:12","slug":"mosavit-mozaik-plocice-metalica-dore","status":"publish","type":"product","link":"https:\/\/www.keramika.com\/srbija\/mosavit-mozaik-plocice-metalica-dore\/","title":{"rendered":"Mosavit mozaik plo\u010dice Metalica Dore"},"content":{"rendered":"<p>Veoma moderan mozaik, dominantne zlate boje, oboga\u0107uje savki prostor. Mosaic Metalica Dore je dostupna po vrlo povoljnim cenama 12650 RSD. 5 mm debljina \u0107e zadovoljiti i najzahtevnije kupce. Mozaik je pritvr\u0111en na mre\u017eu, \u0161to olak\u0161ava njegovu ugradnju. Veli\u010dina mre\u017ee je 31,6&#215;31,6 cm , te je pogodan je za razli\u010dite povr\u0161ine. plo\u010dica proizvo\u0111a\u010da Mosavit iz \u0160panije.<\/p>\n<p>Vlasnike kupatilskih salona pozivamo na direktnu saradnju sa proizvo\u0111a\u010dem. Nudimo Vam direktnu kupovinu po neto cijenama i kompletan prospekto propagandni material. Mo\u017eemo Vam organizirati direktnu dobavu za manje koli\u010dine po kurirski po\u0161ti. Pozovite nas da se dobovorio \u2026.<\/p>\n<p>Technical description: <\/p>\n<p>Min. 1 box &#8211; Delivery 30 Euro\/box in EU<\/p>\n","protected":false},"excerpt":{"rendered":"<p>Veoma moderan mozaik, dominantne zlate boje, oboga\u0107uje savki prostor. Mosaic Metalica Dore je dostupna po vrlo povoljnim cenama 12650 RSD. 5 mm debljina \u0107e zadovoljiti i najzahtevnije kupce. Mozaik je pritvr\u0111en na mre\u017eu, \u0161to olak\u0161ava njegovu ugradnju. Veli\u010dina mre\u017ee je 31,6&#215;31,6 cm , te je pogodan je za razli\u010dite povr\u0161ine. plo\u010dica proizvo\u0111a\u010da Mosavit iz \u0160panije. [&hellip;]<\/p>\n","protected":false},"featured_media":90483,"template":"","meta":[],"product_cat":[999405,400,999,410],"product_tag":[99950093],"_links":{"self":[{"href":"https:\/\/www.keramika.com\/srbija\/wp-json\/wp\/v2\/product\/90482"}],"collection":[{"href":"https:\/\/www.keramika.com\/srbija\/wp-json\/wp\/v2\/product"}],"about":[{"href":"https:\/\/www.keramika.com\/srbija\/wp-json\/wp\/v2\/types\/product"}],"wp:featuredmedia":[{"embeddable":true,"href":"https:\/\/www.keramika.com\/srbija\/wp-json\/wp\/v2\/media\/90483"}],"wp:attachment":[{"href":"https:\/\/www.keramika.com\/srbija\/wp-json\/wp\/v2\/media?parent=90482"}],"wp:term":[{"taxonomy":"product_cat","embeddable":true,"href":"https:\/\/www.keramika.com\/srbija\/wp-json\/wp\/v2\/product_cat?post=90482"},{"taxonomy":"product_tag","embeddable":true,"href":"https:\/\/www.keramika.com\/srbija\/wp-json\/wp\/v2\/product_tag?post=90482"}],"curies":[{"name":"wp","href":"https:\/\/api.w.org\/{rel}","templated":true}]}}