{"id":90478,"date":"2017-07-01T21:31:58","date_gmt":"2017-07-01T21:31:58","guid":{"rendered":"http:\/\/www.ceramictiles.com\/srbija\/product\/mosavit-mozaik-plocice-metalica-plata\/"},"modified":"2026-01-01T00:02:11","modified_gmt":"2026-01-01T00:02:11","slug":"mosavit-mozaik-plocice-metalica-plata","status":"publish","type":"product","link":"https:\/\/www.keramika.com\/srbija\/mosavit-mozaik-plocice-metalica-plata\/","title":{"rendered":"Mosavit mozaik plo\u010dice Metalica Plata"},"content":{"rendered":"<p>Mozaik je debljine 5 mm, \u0161to ga \u010dini izuzetno tvrdim. Ovaj mozaik je proizveden od proizvo\u0111a\u010da Mosavit, iz \u0160panije. Veli\u010dina 31,6&#215;31,6 cm mre\u017ee, na koju su pritvr\u0111ene mozaik plo\u010dice, je odli\u010dna za pokrivanje povr\u0161ine. Namjesto 8085,65 RSD \u0161to je cena u maloprodaji, Vi pla\u0107ate samo 6468,75 RSD. Mozaik plo\u010dice srebrne boje, su izuzetno tra\u017eene.<\/p>\n<p>Vlasnike kupatilskih salona pozivamo na direktnu saradnju sa proizvo\u0111a\u010dem. Nudimo Vam direktnu kupovinu po neto cijenama i kompletan prospekto propagandni material. Mo\u017eemo Vam organizirati direktnu dobavu za manje koli\u010dine po kurirski po\u0161ti. Pozovite nas da se dobovorio \u2026.<br \/>\nVeli\u010dina mre\u017ee: 31,6 x 31,6 cm<br \/>\nVeli\u010dina plo\u010dica: 2,5 x 2,5 cm<br \/>\nBoja: siva<br \/>\nKarakteristike:<br \/>\nMetalne boje<br \/>\nNije pogodno za bazene<br \/>\nTehni\u010dki opis:<br \/>\n9 komada \/ kutija (31,6&#215;31,6)<br \/>\n10,2 kg \/ kutija<br \/>\nMin. 1 bok &#8211; Dostava 30 Euro \/ kutija u EU<\/p>\n","protected":false},"excerpt":{"rendered":"<p>Staklene mozaik plo\u010dice &#8211; siva.<\/p>\n","protected":false},"featured_media":90479,"template":"","meta":[],"product_cat":[999405,400,999,410],"product_tag":[999500883,99950093],"_links":{"self":[{"href":"https:\/\/www.keramika.com\/srbija\/wp-json\/wp\/v2\/product\/90478"}],"collection":[{"href":"https:\/\/www.keramika.com\/srbija\/wp-json\/wp\/v2\/product"}],"about":[{"href":"https:\/\/www.keramika.com\/srbija\/wp-json\/wp\/v2\/types\/product"}],"wp:featuredmedia":[{"embeddable":true,"href":"https:\/\/www.keramika.com\/srbija\/wp-json\/wp\/v2\/media\/90479"}],"wp:attachment":[{"href":"https:\/\/www.keramika.com\/srbija\/wp-json\/wp\/v2\/media?parent=90478"}],"wp:term":[{"taxonomy":"product_cat","embeddable":true,"href":"https:\/\/www.keramika.com\/srbija\/wp-json\/wp\/v2\/product_cat?post=90478"},{"taxonomy":"product_tag","embeddable":true,"href":"https:\/\/www.keramika.com\/srbija\/wp-json\/wp\/v2\/product_tag?post=90478"}],"curies":[{"name":"wp","href":"https:\/\/api.w.org\/{rel}","templated":true}]}}