{"id":90476,"date":"2017-07-01T21:31:37","date_gmt":"2017-07-01T21:31:37","guid":{"rendered":"http:\/\/www.ceramictiles.com\/srbija\/product\/mosavit-mozaik-plocice-metalica-platina\/"},"modified":"2026-01-01T00:02:11","modified_gmt":"2026-01-01T00:02:11","slug":"mosavit-mozaik-plocice-metalica-platina","status":"publish","type":"product","link":"https:\/\/www.keramika.com\/srbija\/mosavit-mozaik-plocice-metalica-platina\/","title":{"rendered":"Mosavit mozaik plo\u010dice Metalica Platina"},"content":{"rendered":"<p>Mosaic Metalica Platina je proizvod iz \u0160panije te je izuzetno kvalitetna. Veoma moderan mozaik, dominantne srebrne boje, oboga\u0107uje savki prostor. U maloprodaji je cena 15812,5 RSD, online cena, pa je samo 12650 RSD. Mozaik je debljine 5 mm, \u0161to ga \u010dini izuzetno tvrdim. Veli\u010dina mre\u017ee sa mozaikom je 31,6&#215;31,6 cm, \u0161to omogu\u0107ava jednostavnu ugradnju.<\/p>\n<p>Vlasnike kupatilskih salona pozivamo na direktnu saradnju sa proizvo\u0111a\u010dem. Nudimo Vam direktnu kupovinu po neto cijenama i kompletan prospekto propagandni material. Mo\u017eemo Vam organizirati direktnu dobavu za manje koli\u010dine po kurirski po\u0161ti. Pozovite nas da se dobovorio \u2026.<br \/>\nVeli\u010dina mre\u017ee: 31,6 x 31,6 cm<br \/>\nVeli\u010dina plo\u010dica: 2,5 x 2,5 cm<br \/>\nBoja: srebro<br \/>\nKarakteristike:<br \/>\nMetalne boje<br \/>\nNije pogodno za bazene<br \/>\nTehni\u010dki opis:<br \/>\n9 komada \/ kutija (31,6&#215;31,6)<br \/>\n10,2 kg \/ kutija<br \/>\nMin. 1 bok &#8211; Dostava 30 Euro \/ kutija u EU<\/p>\n","protected":false},"excerpt":{"rendered":"<p>Staklene mozaik plo\u010dice &#8211; srebro.<\/p>\n","protected":false},"featured_media":90477,"template":"","meta":[],"product_cat":[999405,400,999,410],"product_tag":[99950093],"_links":{"self":[{"href":"https:\/\/www.keramika.com\/srbija\/wp-json\/wp\/v2\/product\/90476"}],"collection":[{"href":"https:\/\/www.keramika.com\/srbija\/wp-json\/wp\/v2\/product"}],"about":[{"href":"https:\/\/www.keramika.com\/srbija\/wp-json\/wp\/v2\/types\/product"}],"wp:featuredmedia":[{"embeddable":true,"href":"https:\/\/www.keramika.com\/srbija\/wp-json\/wp\/v2\/media\/90477"}],"wp:attachment":[{"href":"https:\/\/www.keramika.com\/srbija\/wp-json\/wp\/v2\/media?parent=90476"}],"wp:term":[{"taxonomy":"product_cat","embeddable":true,"href":"https:\/\/www.keramika.com\/srbija\/wp-json\/wp\/v2\/product_cat?post=90476"},{"taxonomy":"product_tag","embeddable":true,"href":"https:\/\/www.keramika.com\/srbija\/wp-json\/wp\/v2\/product_tag?post=90476"}],"curies":[{"name":"wp","href":"https:\/\/api.w.org\/{rel}","templated":true}]}}