{"id":90466,"date":"2017-07-01T21:29:52","date_gmt":"2017-07-01T21:29:52","guid":{"rendered":"http:\/\/www.ceramictiles.com\/srbija\/product\/mozaik-plocice-za-zid-degradado-azul\/"},"modified":"2026-01-01T00:02:10","modified_gmt":"2026-01-01T00:02:10","slug":"mozaik-plocice-za-zid-degradado-azul","status":"publish","type":"product","link":"https:\/\/www.keramika.com\/srbija\/mozaik-plocice-za-zid-degradado-azul\/","title":{"rendered":"Mozaik plo\u010dice za zid Degradado Azul"},"content":{"rendered":"<p>9271,3 RSD je redovna prodajna cena keramike, tu pa samo 7417,5 RSD. Mosaic Degradado Azul je proizvod iz \u0160panije te je izuzetno kvalitetna. Ove lepe, mozaik plo\u010dice bele boje, \u0107e obogatiti svaki prostor. Veli\u010dina 31,6&#215;31,6 cm mre\u017ee, na koju su pritvr\u0111ene mozaik plo\u010dice, je odli\u010dna za pokrivanje povr\u0161ine. Ovaj mozaik je 5 mm, te je vrlo je izdr\u017eljiv.<\/p>\n<p>Vlasnike kupatilskih salona pozivamo na direktnu saradnju sa proizvo\u0111a\u010dem. Nudimo Vam direktnu kupovinu po neto cijenama i kompletan prospekto propagandni material. Mo\u017eemo Vam organizirati direktnu dobavu za manje koli\u010dine po kurirski po\u0161ti. Pozovite nas da se dobovorio \u2026.<\/p>\n<p>Technical description: <\/p>\n<p>Min. 1 box &#8211; Delivery 30 Euro\/box in EU<\/p>\n","protected":false},"excerpt":{"rendered":"<p>9271,3 RSD je redovna prodajna cena keramike, tu pa samo 7417,5 RSD. Mosaic Degradado Azul je proizvod iz \u0160panije te je izuzetno kvalitetna. Ove lepe, mozaik plo\u010dice bele boje, \u0107e obogatiti svaki prostor. Veli\u010dina 31,6&#215;31,6 cm mre\u017ee, na koju su pritvr\u0111ene mozaik plo\u010dice, je odli\u010dna za pokrivanje povr\u0161ine. Ovaj mozaik je 5 mm, te je [&hellip;]<\/p>\n","protected":false},"featured_media":90467,"template":"","meta":[],"product_cat":[999405,400,999,410],"product_tag":[],"_links":{"self":[{"href":"https:\/\/www.keramika.com\/srbija\/wp-json\/wp\/v2\/product\/90466"}],"collection":[{"href":"https:\/\/www.keramika.com\/srbija\/wp-json\/wp\/v2\/product"}],"about":[{"href":"https:\/\/www.keramika.com\/srbija\/wp-json\/wp\/v2\/types\/product"}],"wp:featuredmedia":[{"embeddable":true,"href":"https:\/\/www.keramika.com\/srbija\/wp-json\/wp\/v2\/media\/90467"}],"wp:attachment":[{"href":"https:\/\/www.keramika.com\/srbija\/wp-json\/wp\/v2\/media?parent=90466"}],"wp:term":[{"taxonomy":"product_cat","embeddable":true,"href":"https:\/\/www.keramika.com\/srbija\/wp-json\/wp\/v2\/product_cat?post=90466"},{"taxonomy":"product_tag","embeddable":true,"href":"https:\/\/www.keramika.com\/srbija\/wp-json\/wp\/v2\/product_tag?post=90466"}],"curies":[{"name":"wp","href":"https:\/\/api.w.org\/{rel}","templated":true}]}}