{"id":90464,"date":"2017-07-01T21:29:32","date_gmt":"2017-07-01T21:29:32","guid":{"rendered":"http:\/\/www.ceramictiles.com\/srbija\/product\/mozaik-za-kuhinje-acqua-6-lavanda\/"},"modified":"2026-01-01T00:02:10","modified_gmt":"2026-01-01T00:02:10","slug":"mozaik-za-kuhinje-acqua-6-lavanda","status":"publish","type":"product","link":"https:\/\/www.keramika.com\/srbija\/mozaik-za-kuhinje-acqua-6-lavanda\/","title":{"rendered":"Mozaik za kuhinje Acqua 6 Lavanda"},"content":{"rendered":"<p>5 mm debljine je dovoljno za zahtevnije kupce. plo\u010dica proizvo\u0111a\u010da Mosavit iz \u0160panije. Ovaj mozaik je dostupan u prekrasnoj ljubi\u010daste dominantnoj boji. Ako \u017eelite da razli\u010dite boje kontaktirajte nas i mi \u0107emo proveriti kod proizvo\u0111a\u010da. Mosaic Acqua 6 Lavanda je dostupna po vrlo povoljnim cenama 3148,7 RSD. Veli\u010dina mre\u017ee sa mozaikom je 31,6&#215;31,6 cm, \u0161to omogu\u0107ava jednostavnu ugradnju.<\/p>\n<p>Vlasnike kupatilskih salona pozivamo na direktnu saradnju sa proizvo\u0111a\u010dem. Nudimo Vam direktnu kupovinu po neto cijenama i kompletan prospekto propagandni material. Mo\u017eemo Vam organizirati direktnu dobavu za manje koli\u010dine po kurirski po\u0161ti. Pozovite nas da se dobovorio \u2026.<\/p>\n<p>Technical description: <\/p>\n<p>Min. 1 box &#8211; Delivery 30 Euro\/box in EU<\/p>\n","protected":false},"excerpt":{"rendered":"<p>5 mm debljine je dovoljno za zahtevnije kupce. plo\u010dica proizvo\u0111a\u010da Mosavit iz \u0160panije. Ovaj mozaik je dostupan u prekrasnoj ljubi\u010daste dominantnoj boji. Ako \u017eelite da razli\u010dite boje kontaktirajte nas i mi \u0107emo proveriti kod proizvo\u0111a\u010da. Mosaic Acqua 6 Lavanda je dostupna po vrlo povoljnim cenama 3148,7 RSD. Veli\u010dina mre\u017ee sa mozaikom je 31,6&#215;31,6 cm, \u0161to [&hellip;]<\/p>\n","protected":false},"featured_media":90465,"template":"","meta":[],"product_cat":[999405,400,999,410],"product_tag":[99950093],"_links":{"self":[{"href":"https:\/\/www.keramika.com\/srbija\/wp-json\/wp\/v2\/product\/90464"}],"collection":[{"href":"https:\/\/www.keramika.com\/srbija\/wp-json\/wp\/v2\/product"}],"about":[{"href":"https:\/\/www.keramika.com\/srbija\/wp-json\/wp\/v2\/types\/product"}],"wp:featuredmedia":[{"embeddable":true,"href":"https:\/\/www.keramika.com\/srbija\/wp-json\/wp\/v2\/media\/90465"}],"wp:attachment":[{"href":"https:\/\/www.keramika.com\/srbija\/wp-json\/wp\/v2\/media?parent=90464"}],"wp:term":[{"taxonomy":"product_cat","embeddable":true,"href":"https:\/\/www.keramika.com\/srbija\/wp-json\/wp\/v2\/product_cat?post=90464"},{"taxonomy":"product_tag","embeddable":true,"href":"https:\/\/www.keramika.com\/srbija\/wp-json\/wp\/v2\/product_tag?post=90464"}],"curies":[{"name":"wp","href":"https:\/\/api.w.org\/{rel}","templated":true}]}}