{"id":90462,"date":"2017-07-01T21:29:11","date_gmt":"2017-07-01T21:29:11","guid":{"rendered":"http:\/\/www.ceramictiles.com\/srbija\/product\/mozaik-plocice-za-kupatilo-acqua-5-caribe\/"},"modified":"2026-01-01T00:02:10","modified_gmt":"2026-01-01T00:02:10","slug":"mozaik-plocice-za-kupatilo-acqua-5-caribe","status":"publish","type":"product","link":"https:\/\/www.keramika.com\/srbija\/mozaik-plocice-za-kupatilo-acqua-5-caribe\/","title":{"rendered":"Mozaik plo\u010dice za kupatilo Acqua 5 Caribe"},"content":{"rendered":"<p>plo\u010dica proizvo\u0111a\u010da Mosavit iz \u0160panije. Mozaik plo\u010dice su na mre\u017ei, \u0161to olak\u0161ava njegovu instalaciju. Veli\u010dina mre\u017ee je 31,6&#215;31,6 cm. 5 mm debljine je dovoljno za zahtevnije kupce. Redovna cena tog mozaika u maloprodaji je 3935,3 RSD, a u na\u0161oj online trgovini, ga mo\u017eete dobiti za 3148,7 RSD. Plo\u010dice plave boje osvje\u017eit \u0107e svaki prostor.<\/p>\n<p>Vlasnike kupatilskih salona pozivamo na direktnu saradnju sa proizvo\u0111a\u010dem. Nudimo Vam direktnu kupovinu po neto cijenama i kompletan prospekto propagandni material. Mo\u017eemo Vam organizirati direktnu dobavu za manje koli\u010dine po kurirski po\u0161ti. Pozovite nas da se dobovorio \u2026.<\/p>\n<p>Technical description: <\/p>\n<p>Min. 1 box &#8211; Delivery 30 Euro\/box in EU<\/p>\n","protected":false},"excerpt":{"rendered":"<p>plo\u010dica proizvo\u0111a\u010da Mosavit iz \u0160panije. Mozaik plo\u010dice su na mre\u017ei, \u0161to olak\u0161ava njegovu instalaciju. Veli\u010dina mre\u017ee je 31,6&#215;31,6 cm. 5 mm debljine je dovoljno za zahtevnije kupce. Redovna cena tog mozaika u maloprodaji je 3935,3 RSD, a u na\u0161oj online trgovini, ga mo\u017eete dobiti za 3148,7 RSD. Plo\u010dice plave boje osvje\u017eit \u0107e svaki prostor. Vlasnike [&hellip;]<\/p>\n","protected":false},"featured_media":90463,"template":"","meta":[],"product_cat":[999405,400,999,410],"product_tag":[99950093],"_links":{"self":[{"href":"https:\/\/www.keramika.com\/srbija\/wp-json\/wp\/v2\/product\/90462"}],"collection":[{"href":"https:\/\/www.keramika.com\/srbija\/wp-json\/wp\/v2\/product"}],"about":[{"href":"https:\/\/www.keramika.com\/srbija\/wp-json\/wp\/v2\/types\/product"}],"wp:featuredmedia":[{"embeddable":true,"href":"https:\/\/www.keramika.com\/srbija\/wp-json\/wp\/v2\/media\/90463"}],"wp:attachment":[{"href":"https:\/\/www.keramika.com\/srbija\/wp-json\/wp\/v2\/media?parent=90462"}],"wp:term":[{"taxonomy":"product_cat","embeddable":true,"href":"https:\/\/www.keramika.com\/srbija\/wp-json\/wp\/v2\/product_cat?post=90462"},{"taxonomy":"product_tag","embeddable":true,"href":"https:\/\/www.keramika.com\/srbija\/wp-json\/wp\/v2\/product_tag?post=90462"}],"curies":[{"name":"wp","href":"https:\/\/api.w.org\/{rel}","templated":true}]}}