{"id":90454,"date":"2017-07-01T21:27:42","date_gmt":"2017-07-01T21:27:42","guid":{"rendered":"http:\/\/www.ceramictiles.com\/srbija\/product\/mozaik-plocice-acqua-1-cobalto\/"},"modified":"2026-01-01T00:02:09","modified_gmt":"2026-01-01T00:02:09","slug":"mozaik-plocice-acqua-1-cobalto","status":"publish","type":"product","link":"https:\/\/www.keramika.com\/srbija\/mozaik-plocice-acqua-1-cobalto\/","title":{"rendered":"Mozaik plo\u010dice Acqua 1 Cobalto"},"content":{"rendered":"<p>5 mm debljine je dovoljno za zahtevnije kupce. 3935,3 RSD je redovna prodajna cena keramike, tu pa samo 3148,7 RSD. Veli\u010dina mre\u017ee 31,6&#215;31,6 cm nakoju je pritvr\u0111en, omogu\u0107ava pritvr\u0111ivanje na razli\u010dite povr\u0161ine. Mosaic Acqua 1 Cobalto je proizvod iz \u0160panije te je izuzetno kvalitetna. Naj vi\u0161e se prodaju plave mozik plo\u010dice.<\/p>\n<p>Vlasnike kupatilskih salona pozivamo na direktnu saradnju sa proizvo\u0111a\u010dem. Nudimo Vam direktnu kupovinu po neto cijenama i kompletan prospekto propagandni material. Mo\u017eemo Vam organizirati direktnu dobavu za manje koli\u010dine po kurirski po\u0161ti. Pozovite nas da se dobovorio \u2026.<\/p>\n<p>Technical description: <\/p>\n<p>Min. 1 box &#8211; Delivery 30 Euro\/box in EU<\/p>\n","protected":false},"excerpt":{"rendered":"<p>5 mm debljine je dovoljno za zahtevnije kupce. 3935,3 RSD je redovna prodajna cena keramike, tu pa samo 3148,7 RSD. Veli\u010dina mre\u017ee 31,6&#215;31,6 cm nakoju je pritvr\u0111en, omogu\u0107ava pritvr\u0111ivanje na razli\u010dite povr\u0161ine. Mosaic Acqua 1 Cobalto je proizvod iz \u0160panije te je izuzetno kvalitetna. Naj vi\u0161e se prodaju plave mozik plo\u010dice. Vlasnike kupatilskih salona pozivamo [&hellip;]<\/p>\n","protected":false},"featured_media":90455,"template":"","meta":[],"product_cat":[999405,400,999,410],"product_tag":[],"_links":{"self":[{"href":"https:\/\/www.keramika.com\/srbija\/wp-json\/wp\/v2\/product\/90454"}],"collection":[{"href":"https:\/\/www.keramika.com\/srbija\/wp-json\/wp\/v2\/product"}],"about":[{"href":"https:\/\/www.keramika.com\/srbija\/wp-json\/wp\/v2\/types\/product"}],"wp:featuredmedia":[{"embeddable":true,"href":"https:\/\/www.keramika.com\/srbija\/wp-json\/wp\/v2\/media\/90455"}],"wp:attachment":[{"href":"https:\/\/www.keramika.com\/srbija\/wp-json\/wp\/v2\/media?parent=90454"}],"wp:term":[{"taxonomy":"product_cat","embeddable":true,"href":"https:\/\/www.keramika.com\/srbija\/wp-json\/wp\/v2\/product_cat?post=90454"},{"taxonomy":"product_tag","embeddable":true,"href":"https:\/\/www.keramika.com\/srbija\/wp-json\/wp\/v2\/product_tag?post=90454"}],"curies":[{"name":"wp","href":"https:\/\/api.w.org\/{rel}","templated":true}]}}