{"id":90444,"date":"2017-07-01T21:26:01","date_gmt":"2017-07-01T21:26:01","guid":{"rendered":"http:\/\/www.ceramictiles.com\/srbija\/product\/mozaik-plocice-za-kupatilo-combi-1-a\/"},"modified":"2026-01-01T00:02:08","modified_gmt":"2026-01-01T00:02:08","slug":"mozaik-plocice-za-kupatilo-combi-1-a","status":"publish","type":"product","link":"https:\/\/www.keramika.com\/srbija\/mozaik-plocice-za-kupatilo-combi-1-a\/","title":{"rendered":"Mozaik plo\u010dice za kupatilo Combi 1-A"},"content":{"rendered":"<p>Plo\u010dice plave boje osvje\u017eit \u0107e svaki prostor. Redovna cena tog mozaika u maloprodaji je 5731,6 RSD, a u na\u0161oj online trgovini, ga mo\u017eete dobiti za 4586,2 RSD. 5 mm debljina \u0107e zadovoljiti i najzahtevnije kupce. Dimenzije mre\u017ee na koju je pritvr\u0111en mozaik je 31,6&#215;31,6 cm. Mre\u017ea omogu\u0107ava jednostavnu instalaciju. plo\u010dica proizvo\u0111a\u010da Mosavit iz \u0160panije.<\/p>\n<p>Vlasnike kupatilskih salona pozivamo na direktnu saradnju sa proizvo\u0111a\u010dem. Nudimo Vam direktnu kupovinu po neto cijenama i kompletan prospekto propagandni material. Mo\u017eemo Vam organizirati direktnu dobavu za manje koli\u010dine po kurirski po\u0161ti. Pozovite nas da se dobovorio \u2026.<\/p>\n<p>Technical description: <\/p>\n<p>Min. 1 box &#8211; Delivery 30 Euro\/box in EU<\/p>\n","protected":false},"excerpt":{"rendered":"<p>Plo\u010dice plave boje osvje\u017eit \u0107e svaki prostor. Redovna cena tog mozaika u maloprodaji je 5731,6 RSD, a u na\u0161oj online trgovini, ga mo\u017eete dobiti za 4586,2 RSD. 5 mm debljina \u0107e zadovoljiti i najzahtevnije kupce. Dimenzije mre\u017ee na koju je pritvr\u0111en mozaik je 31,6&#215;31,6 cm. Mre\u017ea omogu\u0107ava jednostavnu instalaciju. plo\u010dica proizvo\u0111a\u010da Mosavit iz \u0160panije. Vlasnike [&hellip;]<\/p>\n","protected":false},"featured_media":90445,"template":"","meta":[],"product_cat":[999405,400,999,410],"product_tag":[99950093],"_links":{"self":[{"href":"https:\/\/www.keramika.com\/srbija\/wp-json\/wp\/v2\/product\/90444"}],"collection":[{"href":"https:\/\/www.keramika.com\/srbija\/wp-json\/wp\/v2\/product"}],"about":[{"href":"https:\/\/www.keramika.com\/srbija\/wp-json\/wp\/v2\/types\/product"}],"wp:featuredmedia":[{"embeddable":true,"href":"https:\/\/www.keramika.com\/srbija\/wp-json\/wp\/v2\/media\/90445"}],"wp:attachment":[{"href":"https:\/\/www.keramika.com\/srbija\/wp-json\/wp\/v2\/media?parent=90444"}],"wp:term":[{"taxonomy":"product_cat","embeddable":true,"href":"https:\/\/www.keramika.com\/srbija\/wp-json\/wp\/v2\/product_cat?post=90444"},{"taxonomy":"product_tag","embeddable":true,"href":"https:\/\/www.keramika.com\/srbija\/wp-json\/wp\/v2\/product_tag?post=90444"}],"curies":[{"name":"wp","href":"https:\/\/api.w.org\/{rel}","templated":true}]}}