{"id":90422,"date":"2017-07-01T21:22:23","date_gmt":"2017-07-01T21:22:23","guid":{"rendered":"http:\/\/www.ceramictiles.com\/srbija\/product\/rocersa-tracia-beige\/"},"modified":"2026-01-01T00:02:05","modified_gmt":"2026-01-01T00:02:05","slug":"rocersa-tracia-beige","status":"publish","type":"product","link":"https:\/\/www.keramika.com\/srbija\/rocersa-tracia-beige\/","title":{"rendered":"Rocersa Tracia Beige"},"content":{"rendered":"<p>Zbog ni\u017eih tro\u0161kova, online prodaje, Vi \u0107e te na na\u0161oj strani ove plo\u010de platiti samo 2150.5 RSD. Veli\u010dina 31.6&#215;59.34 cm je odli\u010dna za sve podloge. plo\u010dica proizvo\u0111a\u010da Rocersa Ceramica iz \u0160panije. Debljina plo\u010dice, je vrlo va\u017ena 9 mm i ubraja tu plo\u010dicu me\u0111u najkvalitetnije. Keramika je prekrasne be\u017e boje. U koliko \u017eelite neku drugu boju, pozovite nas i mi \u0107emo proveriti kod proizvo\u0111a\u010da.<\/p>\n<p>Kliknite na ime serije za sve plo\u010dice u toj seriji: <a class=\"pdfcatal\" href=\"\/\/www.ceramictiles.com\/pdf\/rocersa\/catalogue_rocersa_tracia.pdf\" onclick=\"recordOutboundLink(this, 'E-mail', 'Description PDF');return false;\">Rocersa Ceramica Tracia<\/a><\/p>\n<p>Da bi naru\u010dili model iz PDF kataloga ove serije, molimo vas, da nas kontaktirate na: <a href=\"mailto:zo_mi@ceramictiles.com\" onclick=\"recordOutboundLink(this, 'E-mail', 'Description mail');return false;\">zo_mi@ceramictiles.com<\/a> ili nas pozovite na: For exact offer, PLS send us quantity and product you need with delivery address..<\/p>\n","protected":false},"excerpt":{"rendered":"<p>Zbog ni\u017eih tro\u0161kova, online prodaje, Vi \u0107e te na na\u0161oj strani ove plo\u010de platiti samo 2150.5 RSD. Veli\u010dina 31.6&#215;59.34 cm je odli\u010dna za sve podloge. plo\u010dica proizvo\u0111a\u010da Rocersa Ceramica iz \u0160panije. Debljina plo\u010dice, je vrlo va\u017ena 9 mm i ubraja tu plo\u010dicu me\u0111u najkvalitetnije. Keramika je prekrasne be\u017e boje. U koliko \u017eelite neku drugu boju, [&hellip;]<\/p>\n","protected":false},"featured_media":90423,"template":"","meta":[],"product_cat":[200,999,99921437,250],"product_tag":[],"_links":{"self":[{"href":"https:\/\/www.keramika.com\/srbija\/wp-json\/wp\/v2\/product\/90422"}],"collection":[{"href":"https:\/\/www.keramika.com\/srbija\/wp-json\/wp\/v2\/product"}],"about":[{"href":"https:\/\/www.keramika.com\/srbija\/wp-json\/wp\/v2\/types\/product"}],"wp:featuredmedia":[{"embeddable":true,"href":"https:\/\/www.keramika.com\/srbija\/wp-json\/wp\/v2\/media\/90423"}],"wp:attachment":[{"href":"https:\/\/www.keramika.com\/srbija\/wp-json\/wp\/v2\/media?parent=90422"}],"wp:term":[{"taxonomy":"product_cat","embeddable":true,"href":"https:\/\/www.keramika.com\/srbija\/wp-json\/wp\/v2\/product_cat?post=90422"},{"taxonomy":"product_tag","embeddable":true,"href":"https:\/\/www.keramika.com\/srbija\/wp-json\/wp\/v2\/product_tag?post=90422"}],"curies":[{"name":"wp","href":"https:\/\/api.w.org\/{rel}","templated":true}]}}