{"id":90420,"date":"2017-07-01T21:22:05","date_gmt":"2017-07-01T21:22:05","guid":{"rendered":"http:\/\/www.ceramictiles.com\/srbija\/product\/rocersa-toscana-blanco\/"},"modified":"2026-01-01T00:02:04","modified_gmt":"2026-01-01T00:02:04","slug":"rocersa-toscana-blanco","status":"publish","type":"product","link":"https:\/\/www.keramika.com\/srbija\/rocersa-toscana-blanco\/","title":{"rendered":"Rocersa Toscana Blanco"},"content":{"rendered":"<p>\u0160irina i du\u017eina plo\u010dice su 31.6&#215;31.6 cm. Debljina 9 mm \u010dini plo\u010dicu vrlo izdr\u017eljivom i prijatnom na dodir. Rocersa Toscana Blanco je dostupna po vrlo povoljnim cenama 1880.25 RSD. Rocersa Toscana Blanco je proizvod iz \u0160panije te je izuzetno kvalitetna. Izuzetno moderne plo\u010dice bele boje, osve\u017eit \u0107e svaki prostor.<\/p>\n<p>Kliknite na ime serije za sve plo\u010dice u toj seriji: <a class=\"pdfcatal\" href=\"\/\/www.ceramictiles.com\/pdf\/rocersa\/catalogue_rocersa_toscana.pdf\" onclick=\"recordOutboundLink(this, 'E-mail', 'Description PDF');return false;\">Rocersa Ceramica Toscana<\/a><\/p>\n<p>Da bi naru\u010dili model iz PDF kataloga ove serije, molimo vas, da nas kontaktirate na: <a href=\"mailto:zo_mi@ceramictiles.com\" onclick=\"recordOutboundLink(this, 'E-mail', 'Description mail');return false;\">zo_mi@ceramictiles.com<\/a> ili nas pozovite na: For exact offer, PLS send us quantity and product you need with delivery address..<\/p>\n","protected":false},"excerpt":{"rendered":"<p>\u0160irina i du\u017eina plo\u010dice su 31.6&#215;31.6 cm. Debljina 9 mm \u010dini plo\u010dicu vrlo izdr\u017eljivom i prijatnom na dodir. Rocersa Toscana Blanco je dostupna po vrlo povoljnim cenama 1880.25 RSD. Rocersa Toscana Blanco je proizvod iz \u0160panije te je izuzetno kvalitetna. Izuzetno moderne plo\u010dice bele boje, osve\u017eit \u0107e svaki prostor. Kliknite na ime serije za sve [&hellip;]<\/p>\n","protected":false},"featured_media":90421,"template":"","meta":[],"product_cat":[200,240,999,99921437],"product_tag":[],"_links":{"self":[{"href":"https:\/\/www.keramika.com\/srbija\/wp-json\/wp\/v2\/product\/90420"}],"collection":[{"href":"https:\/\/www.keramika.com\/srbija\/wp-json\/wp\/v2\/product"}],"about":[{"href":"https:\/\/www.keramika.com\/srbija\/wp-json\/wp\/v2\/types\/product"}],"wp:featuredmedia":[{"embeddable":true,"href":"https:\/\/www.keramika.com\/srbija\/wp-json\/wp\/v2\/media\/90421"}],"wp:attachment":[{"href":"https:\/\/www.keramika.com\/srbija\/wp-json\/wp\/v2\/media?parent=90420"}],"wp:term":[{"taxonomy":"product_cat","embeddable":true,"href":"https:\/\/www.keramika.com\/srbija\/wp-json\/wp\/v2\/product_cat?post=90420"},{"taxonomy":"product_tag","embeddable":true,"href":"https:\/\/www.keramika.com\/srbija\/wp-json\/wp\/v2\/product_tag?post=90420"}],"curies":[{"name":"wp","href":"https:\/\/api.w.org\/{rel}","templated":true}]}}