{"id":90416,"date":"2017-07-01T21:21:30","date_gmt":"2017-07-01T21:21:30","guid":{"rendered":"http:\/\/www.ceramictiles.com\/srbija\/product\/rocersa-titania-beige\/"},"modified":"2026-01-01T00:02:04","modified_gmt":"2026-01-01T00:02:04","slug":"rocersa-titania-beige","status":"publish","type":"product","link":"https:\/\/www.keramika.com\/srbija\/rocersa-titania-beige\/","title":{"rendered":"Rocersa Titania Beige"},"content":{"rendered":"<p>9 mm debljina \u0107e zadovoljiti i najzahtevnije kupce. Plo\u010dice be\u017e boje osvje\u017eit \u0107e svaki prostor. \u0160irina i du\u017eina plo\u010dice su 31.6&#215;31.6 cm. Rocersa Titania Beige je dostupna po vrlo povoljnim cenama 2139 RSD. Rocersa Titania Beige je proizvod iz \u0160panije te je izuzetno kvalitetna.<\/p>\n<p>Kliknite na ime serije za sve plo\u010dice u toj seriji: <a class=\"pdfcatal\" href=\"\/\/www.ceramictiles.com\/pdf\/rocersa\/catalogue_rocersa_titania.pdf\" onclick=\"recordOutboundLink(this, 'E-mail', 'Description PDF');return false;\">Rocersa Ceramica Titania<\/a><\/p>\n<p>Da bi naru\u010dili model iz PDF kataloga ove serije, molimo vas, da nas kontaktirate na: <a href=\"mailto:zo_mi@ceramictiles.com\" onclick=\"recordOutboundLink(this, 'E-mail', 'Description mail');return false;\">zo_mi@ceramictiles.com<\/a> ili nas pozovite na: For exact offer, PLS send us quantity and product you need with delivery address..<\/p>\n","protected":false},"excerpt":{"rendered":"<p>9 mm debljina \u0107e zadovoljiti i najzahtevnije kupce. Plo\u010dice be\u017e boje osvje\u017eit \u0107e svaki prostor. \u0160irina i du\u017eina plo\u010dice su 31.6&#215;31.6 cm. Rocersa Titania Beige je dostupna po vrlo povoljnim cenama 2139 RSD. Rocersa Titania Beige je proizvod iz \u0160panije te je izuzetno kvalitetna. Kliknite na ime serije za sve plo\u010dice u toj seriji: Rocersa [&hellip;]<\/p>\n","protected":false},"featured_media":90417,"template":"","meta":[],"product_cat":[200,240,999,99921437],"product_tag":[],"_links":{"self":[{"href":"https:\/\/www.keramika.com\/srbija\/wp-json\/wp\/v2\/product\/90416"}],"collection":[{"href":"https:\/\/www.keramika.com\/srbija\/wp-json\/wp\/v2\/product"}],"about":[{"href":"https:\/\/www.keramika.com\/srbija\/wp-json\/wp\/v2\/types\/product"}],"wp:featuredmedia":[{"embeddable":true,"href":"https:\/\/www.keramika.com\/srbija\/wp-json\/wp\/v2\/media\/90417"}],"wp:attachment":[{"href":"https:\/\/www.keramika.com\/srbija\/wp-json\/wp\/v2\/media?parent=90416"}],"wp:term":[{"taxonomy":"product_cat","embeddable":true,"href":"https:\/\/www.keramika.com\/srbija\/wp-json\/wp\/v2\/product_cat?post=90416"},{"taxonomy":"product_tag","embeddable":true,"href":"https:\/\/www.keramika.com\/srbija\/wp-json\/wp\/v2\/product_tag?post=90416"}],"curies":[{"name":"wp","href":"https:\/\/api.w.org\/{rel}","templated":true}]}}