{"id":90392,"date":"2017-07-01T21:17:34","date_gmt":"2017-07-01T21:17:34","guid":{"rendered":"http:\/\/www.ceramictiles.com\/srbija\/product\/rocersa-pegaso-negro\/"},"modified":"2026-01-01T00:02:01","modified_gmt":"2026-01-01T00:02:01","slug":"rocersa-pegaso-negro","status":"publish","type":"product","link":"https:\/\/www.keramika.com\/srbija\/rocersa-pegaso-negro\/","title":{"rendered":"Rocersa Pegaso Negro"},"content":{"rendered":"<p>Veli\u010dina ove plo\u010dice je 31.6&#215;31.6 cm. U maloprodaji bi morali za tu plo\u010dicu platiti 3841 RSD, online cena je samo 3072.8 RSD. Izuzetno moderne plo\u010dice crne boje, osve\u017eit \u0107e svaki prostor. Rocersa Pegaso Negro dolazi iz \u0160panije, koja je poznata po vrlo visokoj kvaliteta keramike u svetu. Plo\u010dica je debela 9 mm, \u0161to je ubraja u tvrde plo\u010dice.<\/p>\n<p>Kliknite na ime serije za sve plo\u010dice u toj seriji: <a class=\"pdfcatal\" href=\"\/\/www.ceramictiles.com\/pdf\/rocersa\/catalogue_rocersa_pegaso.pdf\" onclick=\"recordOutboundLink(this, 'E-mail', 'Description PDF');return false;\">Rocersa Ceramica Pegaso<\/a><\/p>\n<p>Da bi naru\u010dili model iz PDF kataloga ove serije, molimo vas, da nas kontaktirate na: <a href=\"mailto:zo_mi@ceramictiles.com\" onclick=\"recordOutboundLink(this, 'E-mail', 'Description mail');return false;\">zo_mi@ceramictiles.com<\/a> ili nas pozovite na: For exact offer, PLS send us quantity and product you need with delivery address..<\/p>\n","protected":false},"excerpt":{"rendered":"<p>Veli\u010dina ove plo\u010dice je 31.6&#215;31.6 cm. U maloprodaji bi morali za tu plo\u010dicu platiti 3841 RSD, online cena je samo 3072.8 RSD. Izuzetno moderne plo\u010dice crne boje, osve\u017eit \u0107e svaki prostor. Rocersa Pegaso Negro dolazi iz \u0160panije, koja je poznata po vrlo visokoj kvaliteta keramike u svetu. Plo\u010dica je debela 9 mm, \u0161to je ubraja [&hellip;]<\/p>\n","protected":false},"featured_media":90393,"template":"","meta":[],"product_cat":[200,240,999,99921437],"product_tag":[],"_links":{"self":[{"href":"https:\/\/www.keramika.com\/srbija\/wp-json\/wp\/v2\/product\/90392"}],"collection":[{"href":"https:\/\/www.keramika.com\/srbija\/wp-json\/wp\/v2\/product"}],"about":[{"href":"https:\/\/www.keramika.com\/srbija\/wp-json\/wp\/v2\/types\/product"}],"wp:featuredmedia":[{"embeddable":true,"href":"https:\/\/www.keramika.com\/srbija\/wp-json\/wp\/v2\/media\/90393"}],"wp:attachment":[{"href":"https:\/\/www.keramika.com\/srbija\/wp-json\/wp\/v2\/media?parent=90392"}],"wp:term":[{"taxonomy":"product_cat","embeddable":true,"href":"https:\/\/www.keramika.com\/srbija\/wp-json\/wp\/v2\/product_cat?post=90392"},{"taxonomy":"product_tag","embeddable":true,"href":"https:\/\/www.keramika.com\/srbija\/wp-json\/wp\/v2\/product_tag?post=90392"}],"curies":[{"name":"wp","href":"https:\/\/api.w.org\/{rel}","templated":true}]}}