{"id":90388,"date":"2017-07-01T21:16:54","date_gmt":"2017-07-01T21:16:54","guid":{"rendered":"http:\/\/www.ceramictiles.com\/srbija\/product\/rocersa-nature-beige\/"},"modified":"2026-01-01T00:02:00","modified_gmt":"2026-01-01T00:02:00","slug":"rocersa-nature-beige","status":"publish","type":"product","link":"https:\/\/www.keramika.com\/srbija\/rocersa-nature-beige\/","title":{"rendered":"Rocersa Nature Beige"},"content":{"rendered":"<p>Rocersa Nature Beige je dostupna po vrlo povoljnim cenama 3010.7 RSD. 9 mm debljina \u0107e zadovoljiti i najzahtevnije kupce. Rocersa Nature Beige je proizvod iz \u0160panije te je izuzetno kvalitetna. Veli\u010dina plo\u010dice je 47.2&#215;70.8 cm i odli\u010dna je za razli\u010dite povr\u0161ine. Plo\u010dice be\u017e boje osvje\u017eit \u0107e svaki prostor.<\/p>\n<p>Kliknite na ime serije za sve plo\u010dice u toj seriji: <a class=\"pdfcatal\" href=\"\/\/www.ceramictiles.com\/pdf\/rocersa\/catalogue_rocersa_nature.pdf\" onclick=\"recordOutboundLink(this, 'E-mail', 'Description PDF');return false;\">Rocersa Ceramica Nature<\/a><\/p>\n<p>Da bi naru\u010dili model iz PDF kataloga ove serije, molimo vas, da nas kontaktirate na: <a href=\"mailto:zo_mi@ceramictiles.com\" onclick=\"recordOutboundLink(this, 'E-mail', 'Description mail');return false;\">zo_mi@ceramictiles.com<\/a> ili nas pozovite na: For exact offer, PLS send us quantity and product you need with delivery address..<\/p>\n","protected":false},"excerpt":{"rendered":"<p>Rocersa Nature Beige je dostupna po vrlo povoljnim cenama 3010.7 RSD. 9 mm debljina \u0107e zadovoljiti i najzahtevnije kupce. Rocersa Nature Beige je proizvod iz \u0160panije te je izuzetno kvalitetna. Veli\u010dina plo\u010dice je 47.2&#215;70.8 cm i odli\u010dna je za razli\u010dite povr\u0161ine. Plo\u010dice be\u017e boje osvje\u017eit \u0107e svaki prostor. Kliknite na ime serije za sve plo\u010dice [&hellip;]<\/p>\n","protected":false},"featured_media":90389,"template":"","meta":[],"product_cat":[200,999,99921437,250],"product_tag":[],"_links":{"self":[{"href":"https:\/\/www.keramika.com\/srbija\/wp-json\/wp\/v2\/product\/90388"}],"collection":[{"href":"https:\/\/www.keramika.com\/srbija\/wp-json\/wp\/v2\/product"}],"about":[{"href":"https:\/\/www.keramika.com\/srbija\/wp-json\/wp\/v2\/types\/product"}],"wp:featuredmedia":[{"embeddable":true,"href":"https:\/\/www.keramika.com\/srbija\/wp-json\/wp\/v2\/media\/90389"}],"wp:attachment":[{"href":"https:\/\/www.keramika.com\/srbija\/wp-json\/wp\/v2\/media?parent=90388"}],"wp:term":[{"taxonomy":"product_cat","embeddable":true,"href":"https:\/\/www.keramika.com\/srbija\/wp-json\/wp\/v2\/product_cat?post=90388"},{"taxonomy":"product_tag","embeddable":true,"href":"https:\/\/www.keramika.com\/srbija\/wp-json\/wp\/v2\/product_tag?post=90388"}],"curies":[{"name":"wp","href":"https:\/\/api.w.org\/{rel}","templated":true}]}}