{"id":90386,"date":"2017-07-01T21:16:34","date_gmt":"2017-07-01T21:16:34","guid":{"rendered":"http:\/\/www.ceramictiles.com\/srbija\/product\/rocersa-montagne-beige\/"},"modified":"2026-01-01T00:02:00","modified_gmt":"2026-01-01T00:02:00","slug":"rocersa-montagne-beige","status":"publish","type":"product","link":"https:\/\/www.keramika.com\/srbija\/rocersa-montagne-beige\/","title":{"rendered":"Rocersa Montagne Beige"},"content":{"rendered":"<p>Redovna cena, ovih plo\u010dica u maloprodaji je 3379.85 RSD. U na\u0161oj online trgovini, je mo\u017eete kupiti za 2703.65 RSD. Plo\u010dice dolaze iz \u0160panije, koja je poznata po kvalitetnoj keramiki. Izuzetno moderne plo\u010dice be\u017e boje, osve\u017eit \u0107e svaki prostor. 9 mm debljine je dovoljno za zahtevnije kupce. Veli\u010dina ove plo\u010dice je 23.5&#215;40.5 cm.<\/p>\n<p>Kliknite na ime serije za sve plo\u010dice u toj seriji: <a class=\"pdfcatal\" href=\"\/\/www.ceramictiles.com\/pdf\/rocersa\/catalogue_rocersa_montagne.pdf\" onclick=\"recordOutboundLink(this, 'E-mail', 'Description PDF');return false;\">Rocersa Ceramica Montagne<\/a><\/p>\n<p>Da bi naru\u010dili model iz PDF kataloga ove serije, molimo vas, da nas kontaktirate na: <a href=\"mailto:zo_mi@ceramictiles.com\" onclick=\"recordOutboundLink(this, 'E-mail', 'Description mail');return false;\">zo_mi@ceramictiles.com<\/a> ili nas pozovite na: For exact offer, PLS send us quantity and product you need with delivery address..<\/p>\n","protected":false},"excerpt":{"rendered":"<p>Redovna cena, ovih plo\u010dica u maloprodaji je 3379.85 RSD. U na\u0161oj online trgovini, je mo\u017eete kupiti za 2703.65 RSD. Plo\u010dice dolaze iz \u0160panije, koja je poznata po kvalitetnoj keramiki. Izuzetno moderne plo\u010dice be\u017e boje, osve\u017eit \u0107e svaki prostor. 9 mm debljine je dovoljno za zahtevnije kupce. Veli\u010dina ove plo\u010dice je 23.5&#215;40.5 cm. Kliknite na ime [&hellip;]<\/p>\n","protected":false},"featured_media":90387,"template":"","meta":[],"product_cat":[200,999,99921437,250],"product_tag":[],"_links":{"self":[{"href":"https:\/\/www.keramika.com\/srbija\/wp-json\/wp\/v2\/product\/90386"}],"collection":[{"href":"https:\/\/www.keramika.com\/srbija\/wp-json\/wp\/v2\/product"}],"about":[{"href":"https:\/\/www.keramika.com\/srbija\/wp-json\/wp\/v2\/types\/product"}],"wp:featuredmedia":[{"embeddable":true,"href":"https:\/\/www.keramika.com\/srbija\/wp-json\/wp\/v2\/media\/90387"}],"wp:attachment":[{"href":"https:\/\/www.keramika.com\/srbija\/wp-json\/wp\/v2\/media?parent=90386"}],"wp:term":[{"taxonomy":"product_cat","embeddable":true,"href":"https:\/\/www.keramika.com\/srbija\/wp-json\/wp\/v2\/product_cat?post=90386"},{"taxonomy":"product_tag","embeddable":true,"href":"https:\/\/www.keramika.com\/srbija\/wp-json\/wp\/v2\/product_tag?post=90386"}],"curies":[{"name":"wp","href":"https:\/\/api.w.org\/{rel}","templated":true}]}}