{"id":90382,"date":"2017-07-01T21:15:58","date_gmt":"2017-07-01T21:15:58","guid":{"rendered":"http:\/\/www.ceramictiles.com\/srbija\/product\/rocersa-mito-car-mix\/"},"modified":"2026-01-01T00:01:59","modified_gmt":"2026-01-01T00:01:59","slug":"rocersa-mito-car-mix","status":"publish","type":"product","link":"https:\/\/www.keramika.com\/srbija\/rocersa-mito-car-mix\/","title":{"rendered":"Rocersa Mito-Car Mix"},"content":{"rendered":"<p>Online cena je samo 3010.7 RSD, dok redovna, maloprodajna cena 3763.95 RSD. Veli\u010dina 47.2&#215;70.8 cm je odli\u010dna za sve podloge. Izuzetno moderne plo\u010dice braon boje, osve\u017eit \u0107e svaki prostor. Ova plo\u010dica je debela 9 mm i zato je izuzetno izdr\u017eljiva. Rocersa Mito-Car Mix dolazi iz \u0160panije, koja je poznata po vrlo visokoj kvaliteta keramike u svetu.<\/p>\n<p>Kliknite na ime serije za sve plo\u010dice u toj seriji: <a class=\"pdfcatal\" href=\"\/\/www.ceramictiles.com\/pdf\/rocersa\/catalogue_rocersa_mito.pdf\" onclick=\"recordOutboundLink(this, 'E-mail', 'Description PDF');return false;\">Rocersa Ceramica Mito<\/a><\/p>\n<p>Da bi naru\u010dili model iz PDF kataloga ove serije, molimo vas, da nas kontaktirate na: <a href=\"mailto:zo_mi@ceramictiles.com\" onclick=\"recordOutboundLink(this, 'E-mail', 'Description mail');return false;\">zo_mi@ceramictiles.com<\/a> ili nas pozovite na: For exact offer, PLS send us quantity and product you need with delivery address..<\/p>\n","protected":false},"excerpt":{"rendered":"<p>Online cena je samo 3010.7 RSD, dok redovna, maloprodajna cena 3763.95 RSD. Veli\u010dina 47.2&#215;70.8 cm je odli\u010dna za sve podloge. Izuzetno moderne plo\u010dice braon boje, osve\u017eit \u0107e svaki prostor. Ova plo\u010dica je debela 9 mm i zato je izuzetno izdr\u017eljiva. Rocersa Mito-Car Mix dolazi iz \u0160panije, koja je poznata po vrlo visokoj kvaliteta keramike u [&hellip;]<\/p>\n","protected":false},"featured_media":90383,"template":"","meta":[],"product_cat":[200,999,99921437,250],"product_tag":[],"_links":{"self":[{"href":"https:\/\/www.keramika.com\/srbija\/wp-json\/wp\/v2\/product\/90382"}],"collection":[{"href":"https:\/\/www.keramika.com\/srbija\/wp-json\/wp\/v2\/product"}],"about":[{"href":"https:\/\/www.keramika.com\/srbija\/wp-json\/wp\/v2\/types\/product"}],"wp:featuredmedia":[{"embeddable":true,"href":"https:\/\/www.keramika.com\/srbija\/wp-json\/wp\/v2\/media\/90383"}],"wp:attachment":[{"href":"https:\/\/www.keramika.com\/srbija\/wp-json\/wp\/v2\/media?parent=90382"}],"wp:term":[{"taxonomy":"product_cat","embeddable":true,"href":"https:\/\/www.keramika.com\/srbija\/wp-json\/wp\/v2\/product_cat?post=90382"},{"taxonomy":"product_tag","embeddable":true,"href":"https:\/\/www.keramika.com\/srbija\/wp-json\/wp\/v2\/product_tag?post=90382"}],"curies":[{"name":"wp","href":"https:\/\/api.w.org\/{rel}","templated":true}]}}