{"id":90378,"date":"2017-07-01T21:15:19","date_gmt":"2017-07-01T21:15:19","guid":{"rendered":"http:\/\/www.ceramictiles.com\/srbija\/product\/rocersa-magic-3-azul\/"},"modified":"2026-01-01T00:01:59","modified_gmt":"2026-01-01T00:01:59","slug":"rocersa-magic-3-azul","status":"publish","type":"product","link":"https:\/\/www.keramika.com\/srbija\/rocersa-magic-3-azul\/","title":{"rendered":"Rocersa Magic-3 Azul"},"content":{"rendered":"<p>Proizvodnja \u0160panije ,koja je poznata u svetu, kao jedana od najboljih proizvo\u0111a\u010da kerami\u010dkih plo\u010dica. 9 mm debljina \u0107e zadovoljiti i najzahtevnije kupce. Ove plave kerami\u010dke plo\u010dice, obogatit \u0107e svaki prostor. Redovna cena, ovih plo\u010dica u maloprodaji je 2504.7 RSD. U na\u0161oj online trgovini, je mo\u017eete kupiti za 2003.3 RSD. Veli\u010dina plo\u010dice je 31.6&#215;59.34 cm i odli\u010dna je za razli\u010dite povr\u0161ine.<\/p>\n<p>Kliknite na ime serije za sve plo\u010dice u toj seriji: <a class=\"pdfcatal\" href=\"\/\/www.ceramictiles.com\/pdf\/rocersa\/catalogue_rocersa_magic.pdf\" onclick=\"recordOutboundLink(this, 'E-mail', 'Description PDF');return false;\">Rocersa Ceramica Magic<\/a><\/p>\n<p>Da bi naru\u010dili model iz PDF kataloga ove serije, molimo vas, da nas kontaktirate na: <a href=\"mailto:zo_mi@ceramictiles.com\" onclick=\"recordOutboundLink(this, 'E-mail', 'Description mail');return false;\">zo_mi@ceramictiles.com<\/a> ili nas pozovite na: For exact offer, PLS send us quantity and product you need with delivery address..<\/p>\n","protected":false},"excerpt":{"rendered":"<p>Proizvodnja \u0160panije ,koja je poznata u svetu, kao jedana od najboljih proizvo\u0111a\u010da kerami\u010dkih plo\u010dica. 9 mm debljina \u0107e zadovoljiti i najzahtevnije kupce. Ove plave kerami\u010dke plo\u010dice, obogatit \u0107e svaki prostor. Redovna cena, ovih plo\u010dica u maloprodaji je 2504.7 RSD. U na\u0161oj online trgovini, je mo\u017eete kupiti za 2003.3 RSD. Veli\u010dina plo\u010dice je 31.6&#215;59.34 cm i [&hellip;]<\/p>\n","protected":false},"featured_media":90379,"template":"","meta":[],"product_cat":[200,999,99921437,250],"product_tag":[],"_links":{"self":[{"href":"https:\/\/www.keramika.com\/srbija\/wp-json\/wp\/v2\/product\/90378"}],"collection":[{"href":"https:\/\/www.keramika.com\/srbija\/wp-json\/wp\/v2\/product"}],"about":[{"href":"https:\/\/www.keramika.com\/srbija\/wp-json\/wp\/v2\/types\/product"}],"wp:featuredmedia":[{"embeddable":true,"href":"https:\/\/www.keramika.com\/srbija\/wp-json\/wp\/v2\/media\/90379"}],"wp:attachment":[{"href":"https:\/\/www.keramika.com\/srbija\/wp-json\/wp\/v2\/media?parent=90378"}],"wp:term":[{"taxonomy":"product_cat","embeddable":true,"href":"https:\/\/www.keramika.com\/srbija\/wp-json\/wp\/v2\/product_cat?post=90378"},{"taxonomy":"product_tag","embeddable":true,"href":"https:\/\/www.keramika.com\/srbija\/wp-json\/wp\/v2\/product_tag?post=90378"}],"curies":[{"name":"wp","href":"https:\/\/api.w.org\/{rel}","templated":true}]}}