{"id":90376,"date":"2017-07-01T21:14:57","date_gmt":"2017-07-01T21:14:57","guid":{"rendered":"http:\/\/www.ceramictiles.com\/srbija\/product\/rocersa-leeds-beige\/"},"modified":"2026-01-01T00:01:58","modified_gmt":"2026-01-01T00:01:58","slug":"rocersa-leeds-beige","status":"publish","type":"product","link":"https:\/\/www.keramika.com\/srbija\/rocersa-leeds-beige\/","title":{"rendered":"Rocersa Leeds Beige"},"content":{"rendered":"<p>Plo\u010dica na sliki je 47.2&#215;70.8 cm. 9 mm debljina \u0107e zadovoljiti i najzahtevnije kupce. Rocersa Leeds Beige je proizvod iz \u0160panije te je izuzetno kvalitetna. U maloprodaji bi morali za tu plo\u010dicu platiti 3379.85 RSD, online cena je samo 2703.65 RSD. U izboru plo\u010dica be\u017e boje, ne mo\u017eete pogre\u0161iti.<\/p>\n<p>Kliknite na ime serije za sve plo\u010dice u toj seriji: <a class=\"pdfcatal\" href=\"\/\/www.ceramictiles.com\/pdf\/rocersa\/catalogue_rocersa_leeds_york.pdf\" onclick=\"recordOutboundLink(this, 'E-mail', 'Description PDF');return false;\">Rocersa Ceramica Leeds-York<\/a><\/p>\n<p>Da bi naru\u010dili model iz PDF kataloga ove serije, molimo vas, da nas kontaktirate na: <a href=\"mailto:zo_mi@ceramictiles.com\" onclick=\"recordOutboundLink(this, 'E-mail', 'Description mail');return false;\">zo_mi@ceramictiles.com<\/a> ili nas pozovite na: For exact offer, PLS send us quantity and product you need with delivery address..<\/p>\n","protected":false},"excerpt":{"rendered":"<p>Plo\u010dica na sliki je 47.2&#215;70.8 cm. 9 mm debljina \u0107e zadovoljiti i najzahtevnije kupce. Rocersa Leeds Beige je proizvod iz \u0160panije te je izuzetno kvalitetna. U maloprodaji bi morali za tu plo\u010dicu platiti 3379.85 RSD, online cena je samo 2703.65 RSD. U izboru plo\u010dica be\u017e boje, ne mo\u017eete pogre\u0161iti. Kliknite na ime serije za sve [&hellip;]<\/p>\n","protected":false},"featured_media":90377,"template":"","meta":[],"product_cat":[200,240,999,99921437],"product_tag":[],"_links":{"self":[{"href":"https:\/\/www.keramika.com\/srbija\/wp-json\/wp\/v2\/product\/90376"}],"collection":[{"href":"https:\/\/www.keramika.com\/srbija\/wp-json\/wp\/v2\/product"}],"about":[{"href":"https:\/\/www.keramika.com\/srbija\/wp-json\/wp\/v2\/types\/product"}],"wp:featuredmedia":[{"embeddable":true,"href":"https:\/\/www.keramika.com\/srbija\/wp-json\/wp\/v2\/media\/90377"}],"wp:attachment":[{"href":"https:\/\/www.keramika.com\/srbija\/wp-json\/wp\/v2\/media?parent=90376"}],"wp:term":[{"taxonomy":"product_cat","embeddable":true,"href":"https:\/\/www.keramika.com\/srbija\/wp-json\/wp\/v2\/product_cat?post=90376"},{"taxonomy":"product_tag","embeddable":true,"href":"https:\/\/www.keramika.com\/srbija\/wp-json\/wp\/v2\/product_tag?post=90376"}],"curies":[{"name":"wp","href":"https:\/\/api.w.org\/{rel}","templated":true}]}}