{"id":90360,"date":"2017-07-01T21:12:12","date_gmt":"2017-07-01T21:12:12","guid":{"rendered":"http:\/\/www.ceramictiles.com\/srbija\/product\/rocersa-globe-beige\/"},"modified":"2026-01-01T00:01:57","modified_gmt":"2026-01-01T00:01:57","slug":"rocersa-globe-beige","status":"publish","type":"product","link":"https:\/\/www.keramika.com\/srbija\/rocersa-globe-beige\/","title":{"rendered":"Rocersa Globe Beige"},"content":{"rendered":"<p>Ova plo\u010dica je debela 9 mm i zato je izuzetno izdr\u017eljiva. Plo\u010dica na sliki je 31.6&#215;59.34 cm. Rocersa Globe Beige je proizvod iz \u0160panije te je izuzetno kvalitetna. Keramika je prekrasne be\u017e boje. U koliko \u017eelite neku drugu boju, pozovite nas i mi \u0107emo proveriti kod proizvo\u0111a\u010da. Zbog ni\u017eih tro\u0161kova, online prodaje, Vi \u0107e te na na\u0161oj strani ove plo\u010de platiti samo 2150.5 RSD.<\/p>\n<p>Kliknite na ime serije za sve plo\u010dice u toj seriji: <a class=\"pdfcatal\" href=\"\/\/www.ceramictiles.com\/pdf\/rocersa\/catalogue_rocersa_globe.pdf\" onclick=\"recordOutboundLink(this, 'E-mail', 'Description PDF');return false;\">Rocersa Ceramica Globe<\/a><\/p>\n<p>Da bi naru\u010dili model iz PDF kataloga ove serije, molimo vas, da nas kontaktirate na: <a href=\"mailto:zo_mi@ceramictiles.com\" onclick=\"recordOutboundLink(this, 'E-mail', 'Description mail');return false;\">zo_mi@ceramictiles.com<\/a> ili nas pozovite na: For exact offer, PLS send us quantity and product you need with delivery address..<\/p>\n","protected":false},"excerpt":{"rendered":"<p>Ova plo\u010dica je debela 9 mm i zato je izuzetno izdr\u017eljiva. Plo\u010dica na sliki je 31.6&#215;59.34 cm. Rocersa Globe Beige je proizvod iz \u0160panije te je izuzetno kvalitetna. Keramika je prekrasne be\u017e boje. U koliko \u017eelite neku drugu boju, pozovite nas i mi \u0107emo proveriti kod proizvo\u0111a\u010da. Zbog ni\u017eih tro\u0161kova, online prodaje, Vi \u0107e te [&hellip;]<\/p>\n","protected":false},"featured_media":90361,"template":"","meta":[],"product_cat":[200,999,99921437,250],"product_tag":[],"_links":{"self":[{"href":"https:\/\/www.keramika.com\/srbija\/wp-json\/wp\/v2\/product\/90360"}],"collection":[{"href":"https:\/\/www.keramika.com\/srbija\/wp-json\/wp\/v2\/product"}],"about":[{"href":"https:\/\/www.keramika.com\/srbija\/wp-json\/wp\/v2\/types\/product"}],"wp:featuredmedia":[{"embeddable":true,"href":"https:\/\/www.keramika.com\/srbija\/wp-json\/wp\/v2\/media\/90361"}],"wp:attachment":[{"href":"https:\/\/www.keramika.com\/srbija\/wp-json\/wp\/v2\/media?parent=90360"}],"wp:term":[{"taxonomy":"product_cat","embeddable":true,"href":"https:\/\/www.keramika.com\/srbija\/wp-json\/wp\/v2\/product_cat?post=90360"},{"taxonomy":"product_tag","embeddable":true,"href":"https:\/\/www.keramika.com\/srbija\/wp-json\/wp\/v2\/product_tag?post=90360"}],"curies":[{"name":"wp","href":"https:\/\/api.w.org\/{rel}","templated":true}]}}