{"id":90356,"date":"2017-07-01T21:11:34","date_gmt":"2017-07-01T21:11:34","guid":{"rendered":"http:\/\/www.ceramictiles.com\/srbija\/product\/rocersa-fussion-negro\/"},"modified":"2026-01-01T00:01:56","modified_gmt":"2026-01-01T00:01:56","slug":"rocersa-fussion-negro","status":"publish","type":"product","link":"https:\/\/www.keramika.com\/srbija\/rocersa-fussion-negro\/","title":{"rendered":"Rocersa Fussion Negro"},"content":{"rendered":"<p>Umesto 2857.75 RSD \u0161to je redovna maloprodajna cena keramike, u na\u0161oj online prodavnici, je mo\u017eete dobiti za samo 2286.2 RSD. plo\u010dica proizvo\u0111a\u010da Rocersa Ceramica iz \u0160panije. U izboru plo\u010dica crne boje, ne mo\u017eete pogre\u0161iti. Plo\u010dica 47.2&#215;47.2 cm je dobra za ve\u0107 razli\u010ditih namena. 9 mm debljine je dovoljno za zahtevnije kupce.<\/p>\n<p>Kliknite na ime serije za sve plo\u010dice u toj seriji: <a class=\"pdfcatal\" href=\"\/\/www.ceramictiles.com\/pdf\/rocersa\/catalogue_rocersa_fussion.pdf\" onclick=\"recordOutboundLink(this, 'E-mail', 'Description PDF');return false;\">Rocersa Ceramica Fusion<\/a><\/p>\n<p>Da bi naru\u010dili model iz PDF kataloga ove serije, molimo vas, da nas kontaktirate na: <a href=\"mailto:zo_mi@ceramictiles.com\" onclick=\"recordOutboundLink(this, 'E-mail', 'Description mail');return false;\">zo_mi@ceramictiles.com<\/a> ili nas pozovite na: For exact offer, PLS send us quantity and product you need with delivery address..<\/p>\n","protected":false},"excerpt":{"rendered":"<p>Umesto 2857.75 RSD \u0161to je redovna maloprodajna cena keramike, u na\u0161oj online prodavnici, je mo\u017eete dobiti za samo 2286.2 RSD. plo\u010dica proizvo\u0111a\u010da Rocersa Ceramica iz \u0160panije. U izboru plo\u010dica crne boje, ne mo\u017eete pogre\u0161iti. Plo\u010dica 47.2&#215;47.2 cm je dobra za ve\u0107 razli\u010ditih namena. 9 mm debljine je dovoljno za zahtevnije kupce. Kliknite na ime serije [&hellip;]<\/p>\n","protected":false},"featured_media":90357,"template":"","meta":[],"product_cat":[200,240,999,99921437],"product_tag":[],"_links":{"self":[{"href":"https:\/\/www.keramika.com\/srbija\/wp-json\/wp\/v2\/product\/90356"}],"collection":[{"href":"https:\/\/www.keramika.com\/srbija\/wp-json\/wp\/v2\/product"}],"about":[{"href":"https:\/\/www.keramika.com\/srbija\/wp-json\/wp\/v2\/types\/product"}],"wp:featuredmedia":[{"embeddable":true,"href":"https:\/\/www.keramika.com\/srbija\/wp-json\/wp\/v2\/media\/90357"}],"wp:attachment":[{"href":"https:\/\/www.keramika.com\/srbija\/wp-json\/wp\/v2\/media?parent=90356"}],"wp:term":[{"taxonomy":"product_cat","embeddable":true,"href":"https:\/\/www.keramika.com\/srbija\/wp-json\/wp\/v2\/product_cat?post=90356"},{"taxonomy":"product_tag","embeddable":true,"href":"https:\/\/www.keramika.com\/srbija\/wp-json\/wp\/v2\/product_tag?post=90356"}],"curies":[{"name":"wp","href":"https:\/\/api.w.org\/{rel}","templated":true}]}}