{"id":90346,"date":"2017-07-01T21:09:54","date_gmt":"2017-07-01T21:09:54","guid":{"rendered":"http:\/\/www.ceramictiles.com\/srbija\/product\/rocersa-emotion-blanco\/"},"modified":"2026-01-01T00:01:55","modified_gmt":"2026-01-01T00:01:55","slug":"rocersa-emotion-blanco","status":"publish","type":"product","link":"https:\/\/www.keramika.com\/srbija\/rocersa-emotion-blanco\/","title":{"rendered":"Rocersa Emotion Blanco"},"content":{"rendered":"<p>Proizvodnja \u0160panije ,koja je poznata u svetu, kao jedana od najboljih proizvo\u0111a\u010da kerami\u010dkih plo\u010dica. Plo\u010dica je debela 9 mm, \u0161to je ubraja u tvrde plo\u010dice. U maloprodaji bi morali za tu plo\u010dicu platiti 2642.7 RSD, online cena je samo 2113.7 RSD. \u0160irina i du\u017eina plo\u010dice su 31.6&#215;59.34 cm. Keramika je prekrasne bele boje. U koliko \u017eelite neku drugu boju, pozovite nas i mi \u0107emo proveriti kod proizvo\u0111a\u010da.<\/p>\n<p>Kliknite na ime serije za sve plo\u010dice u toj seriji: <a class=\"pdfcatal\" href=\"\/\/www.ceramictiles.com\/pdf\/rocersa\/catalogue_rocersa_emotion.pdf\" onclick=\"recordOutboundLink(this, 'E-mail', 'Description PDF');return false;\">Rocersa Ceramica Emotion<\/a><\/p>\n<p>Da bi naru\u010dili model iz PDF kataloga ove serije, molimo vas, da nas kontaktirate na: <a href=\"mailto:zo_mi@ceramictiles.com\" onclick=\"recordOutboundLink(this, 'E-mail', 'Description mail');return false;\">zo_mi@ceramictiles.com<\/a> ili nas pozovite na: For exact offer, PLS send us quantity and product you need with delivery address..<\/p>\n","protected":false},"excerpt":{"rendered":"<p>Proizvodnja \u0160panije ,koja je poznata u svetu, kao jedana od najboljih proizvo\u0111a\u010da kerami\u010dkih plo\u010dica. Plo\u010dica je debela 9 mm, \u0161to je ubraja u tvrde plo\u010dice. U maloprodaji bi morali za tu plo\u010dicu platiti 2642.7 RSD, online cena je samo 2113.7 RSD. \u0160irina i du\u017eina plo\u010dice su 31.6&#215;59.34 cm. Keramika je prekrasne bele boje. U koliko [&hellip;]<\/p>\n","protected":false},"featured_media":90347,"template":"","meta":[],"product_cat":[200,999,99921437,250],"product_tag":[],"_links":{"self":[{"href":"https:\/\/www.keramika.com\/srbija\/wp-json\/wp\/v2\/product\/90346"}],"collection":[{"href":"https:\/\/www.keramika.com\/srbija\/wp-json\/wp\/v2\/product"}],"about":[{"href":"https:\/\/www.keramika.com\/srbija\/wp-json\/wp\/v2\/types\/product"}],"wp:featuredmedia":[{"embeddable":true,"href":"https:\/\/www.keramika.com\/srbija\/wp-json\/wp\/v2\/media\/90347"}],"wp:attachment":[{"href":"https:\/\/www.keramika.com\/srbija\/wp-json\/wp\/v2\/media?parent=90346"}],"wp:term":[{"taxonomy":"product_cat","embeddable":true,"href":"https:\/\/www.keramika.com\/srbija\/wp-json\/wp\/v2\/product_cat?post=90346"},{"taxonomy":"product_tag","embeddable":true,"href":"https:\/\/www.keramika.com\/srbija\/wp-json\/wp\/v2\/product_tag?post=90346"}],"curies":[{"name":"wp","href":"https:\/\/api.w.org\/{rel}","templated":true}]}}