{"id":90344,"date":"2017-07-01T21:09:31","date_gmt":"2017-07-01T21:09:31","guid":{"rendered":"http:\/\/www.ceramictiles.com\/srbija\/product\/rocersa-elements-negro\/"},"modified":"2026-01-01T00:01:55","modified_gmt":"2026-01-01T00:01:55","slug":"rocersa-elements-negro","status":"publish","type":"product","link":"https:\/\/www.keramika.com\/srbija\/rocersa-elements-negro\/","title":{"rendered":"Rocersa Elements Negro"},"content":{"rendered":"<p>Veli\u010dina plo\u010dice je 47.2&#215;47.2 cm i odli\u010dna je za razli\u010dite povr\u0161ine. Debljina plo\u010dice, je vrlo va\u017ena 9 mm i ubraja tu plo\u010dicu me\u0111u najkvalitetnije. Plo\u010dice crne boje osvje\u017eit \u0107e svaki prostor. Online cena je samo 2286.2 RSD, dok redovna, maloprodajna cena 2857.75 RSD. plo\u010dica proizvo\u0111a\u010da Rocersa Ceramica iz \u0160panije.<\/p>\n<p>Kliknite na ime serije za sve plo\u010dice u toj seriji: <a class=\"pdfcatal\" href=\"\/\/www.ceramictiles.com\/pdf\/rocersa\/catalogue_rocersa_elements.pdf\" onclick=\"recordOutboundLink(this, 'E-mail', 'Description PDF');return false;\">Rocersa Ceramica Elements<\/a><\/p>\n<p>Da bi naru\u010dili model iz PDF kataloga ove serije, molimo vas, da nas kontaktirate na: <a href=\"mailto:zo_mi@ceramictiles.com\" onclick=\"recordOutboundLink(this, 'E-mail', 'Description mail');return false;\">zo_mi@ceramictiles.com<\/a> ili nas pozovite na: For exact offer, PLS send us quantity and product you need with delivery address..<\/p>\n","protected":false},"excerpt":{"rendered":"<p>Veli\u010dina plo\u010dice je 47.2&#215;47.2 cm i odli\u010dna je za razli\u010dite povr\u0161ine. Debljina plo\u010dice, je vrlo va\u017ena 9 mm i ubraja tu plo\u010dicu me\u0111u najkvalitetnije. Plo\u010dice crne boje osvje\u017eit \u0107e svaki prostor. Online cena je samo 2286.2 RSD, dok redovna, maloprodajna cena 2857.75 RSD. plo\u010dica proizvo\u0111a\u010da Rocersa Ceramica iz \u0160panije. Kliknite na ime serije za sve [&hellip;]<\/p>\n","protected":false},"featured_media":90345,"template":"","meta":[],"product_cat":[200,240,999,99921437],"product_tag":[],"_links":{"self":[{"href":"https:\/\/www.keramika.com\/srbija\/wp-json\/wp\/v2\/product\/90344"}],"collection":[{"href":"https:\/\/www.keramika.com\/srbija\/wp-json\/wp\/v2\/product"}],"about":[{"href":"https:\/\/www.keramika.com\/srbija\/wp-json\/wp\/v2\/types\/product"}],"wp:featuredmedia":[{"embeddable":true,"href":"https:\/\/www.keramika.com\/srbija\/wp-json\/wp\/v2\/media\/90345"}],"wp:attachment":[{"href":"https:\/\/www.keramika.com\/srbija\/wp-json\/wp\/v2\/media?parent=90344"}],"wp:term":[{"taxonomy":"product_cat","embeddable":true,"href":"https:\/\/www.keramika.com\/srbija\/wp-json\/wp\/v2\/product_cat?post=90344"},{"taxonomy":"product_tag","embeddable":true,"href":"https:\/\/www.keramika.com\/srbija\/wp-json\/wp\/v2\/product_tag?post=90344"}],"curies":[{"name":"wp","href":"https:\/\/api.w.org\/{rel}","templated":true}]}}