{"id":90338,"date":"2017-07-01T21:08:35","date_gmt":"2017-07-01T21:08:35","guid":{"rendered":"http:\/\/www.ceramictiles.com\/srbija\/product\/rocersa-concrete-beige\/"},"modified":"2026-01-01T00:01:54","modified_gmt":"2026-01-01T00:01:54","slug":"rocersa-concrete-beige","status":"publish","type":"product","link":"https:\/\/www.keramika.com\/srbija\/rocersa-concrete-beige\/","title":{"rendered":"Rocersa Concrete Beige"},"content":{"rendered":"<p>plo\u010dica proizvo\u0111a\u010da Rocersa Ceramica iz \u0160panije. Ove be\u017e kerami\u010dke plo\u010dice, obogatit \u0107e svaki prostor. Plo\u010dica je debela 10 mm, \u0161to je ubraja u tvrde plo\u010dice. Redovna cena, ovih plo\u010dica u maloprodaji je 3594.9 RSD. U na\u0161oj online trgovini, je mo\u017eete kupiti za 2876.15 RSD. Plo\u010dica 60&#215;60 cm je dobra za ve\u0107 razli\u010ditih namena.<\/p>\n<p>Kliknite na ime serije za sve plo\u010dice u toj seriji: <a class=\"pdfcatal\" href=\"\/\/www.ceramictiles.com\/pdf\/rocersa\/catalogue_rocersa_concrete.pdf\" onclick=\"recordOutboundLink(this, 'E-mail', 'Description PDF');return false;\">Rocersa Ceramica Concrete<\/a><\/p>\n<p>Da bi naru\u010dili model iz PDF kataloga ove serije, molimo vas, da nas kontaktirate na: <a href=\"mailto:zo_mi@ceramictiles.com\" onclick=\"recordOutboundLink(this, 'E-mail', 'Description mail');return false;\">zo_mi@ceramictiles.com<\/a> ili nas pozovite na: For exact offer, PLS send us quantity and product you need with delivery address..<\/p>\n","protected":false},"excerpt":{"rendered":"<p>plo\u010dica proizvo\u0111a\u010da Rocersa Ceramica iz \u0160panije. Ove be\u017e kerami\u010dke plo\u010dice, obogatit \u0107e svaki prostor. Plo\u010dica je debela 10 mm, \u0161to je ubraja u tvrde plo\u010dice. Redovna cena, ovih plo\u010dica u maloprodaji je 3594.9 RSD. U na\u0161oj online trgovini, je mo\u017eete kupiti za 2876.15 RSD. Plo\u010dica 60&#215;60 cm je dobra za ve\u0107 razli\u010ditih namena. Kliknite na [&hellip;]<\/p>\n","protected":false},"featured_media":90339,"template":"","meta":[],"product_cat":[200,240,999,99921437],"product_tag":[],"_links":{"self":[{"href":"https:\/\/www.keramika.com\/srbija\/wp-json\/wp\/v2\/product\/90338"}],"collection":[{"href":"https:\/\/www.keramika.com\/srbija\/wp-json\/wp\/v2\/product"}],"about":[{"href":"https:\/\/www.keramika.com\/srbija\/wp-json\/wp\/v2\/types\/product"}],"wp:featuredmedia":[{"embeddable":true,"href":"https:\/\/www.keramika.com\/srbija\/wp-json\/wp\/v2\/media\/90339"}],"wp:attachment":[{"href":"https:\/\/www.keramika.com\/srbija\/wp-json\/wp\/v2\/media?parent=90338"}],"wp:term":[{"taxonomy":"product_cat","embeddable":true,"href":"https:\/\/www.keramika.com\/srbija\/wp-json\/wp\/v2\/product_cat?post=90338"},{"taxonomy":"product_tag","embeddable":true,"href":"https:\/\/www.keramika.com\/srbija\/wp-json\/wp\/v2\/product_tag?post=90338"}],"curies":[{"name":"wp","href":"https:\/\/api.w.org\/{rel}","templated":true}]}}