{"id":90334,"date":"2017-07-01T21:07:56","date_gmt":"2017-07-01T21:07:56","guid":{"rendered":"http:\/\/www.ceramictiles.com\/srbija\/product\/rocersa-clown-naranja\/"},"modified":"2026-01-01T00:01:53","modified_gmt":"2026-01-01T00:01:53","slug":"rocersa-clown-naranja","status":"publish","type":"product","link":"https:\/\/www.keramika.com\/srbija\/rocersa-clown-naranja\/","title":{"rendered":"Rocersa Clown Naranja"},"content":{"rendered":"<p>Plo\u010dice narand\u017easte boje osvje\u017eit \u0107e svaki prostor. Rocersa Clown Naranja je proizvod iz \u0160panije te je izuzetno kvalitetna. U maloprodaji bi morali za tu plo\u010dicu platiti 2504.7 RSD, online cena je samo 2003.3 RSD. Plo\u010dica na sliki je 31.6&#215;31.6 cm. Debljina plo\u010dice, je vrlo va\u017ena 9 mm i ubraja tu plo\u010dicu me\u0111u najkvalitetnije.<\/p>\n<p>Kliknite na ime serije za sve plo\u010dice u toj seriji: <a class=\"pdfcatal\" href=\"\/\/www.ceramictiles.com\/pdf\/rocersa\/catalogue_rocersa_clown.pdf\" onclick=\"recordOutboundLink(this, 'E-mail', 'Description PDF');return false;\">Rocersa Ceramica Clown<\/a><\/p>\n<p>Da bi naru\u010dili model iz PDF kataloga ove serije, molimo vas, da nas kontaktirate na: <a href=\"mailto:zo_mi@ceramictiles.com\" onclick=\"recordOutboundLink(this, 'E-mail', 'Description mail');return false;\">zo_mi@ceramictiles.com<\/a> ili nas pozovite na: For exact offer, PLS send us quantity and product you need with delivery address..<\/p>\n","protected":false},"excerpt":{"rendered":"<p>Plo\u010dice narand\u017easte boje osvje\u017eit \u0107e svaki prostor. Rocersa Clown Naranja je proizvod iz \u0160panije te je izuzetno kvalitetna. U maloprodaji bi morali za tu plo\u010dicu platiti 2504.7 RSD, online cena je samo 2003.3 RSD. Plo\u010dica na sliki je 31.6&#215;31.6 cm. Debljina plo\u010dice, je vrlo va\u017ena 9 mm i ubraja tu plo\u010dicu me\u0111u najkvalitetnije. Kliknite na [&hellip;]<\/p>\n","protected":false},"featured_media":90335,"template":"","meta":[],"product_cat":[200,240,999,99921437],"product_tag":[],"_links":{"self":[{"href":"https:\/\/www.keramika.com\/srbija\/wp-json\/wp\/v2\/product\/90334"}],"collection":[{"href":"https:\/\/www.keramika.com\/srbija\/wp-json\/wp\/v2\/product"}],"about":[{"href":"https:\/\/www.keramika.com\/srbija\/wp-json\/wp\/v2\/types\/product"}],"wp:featuredmedia":[{"embeddable":true,"href":"https:\/\/www.keramika.com\/srbija\/wp-json\/wp\/v2\/media\/90335"}],"wp:attachment":[{"href":"https:\/\/www.keramika.com\/srbija\/wp-json\/wp\/v2\/media?parent=90334"}],"wp:term":[{"taxonomy":"product_cat","embeddable":true,"href":"https:\/\/www.keramika.com\/srbija\/wp-json\/wp\/v2\/product_cat?post=90334"},{"taxonomy":"product_tag","embeddable":true,"href":"https:\/\/www.keramika.com\/srbija\/wp-json\/wp\/v2\/product_tag?post=90334"}],"curies":[{"name":"wp","href":"https:\/\/api.w.org\/{rel}","templated":true}]}}