{"id":90328,"date":"2017-07-01T21:06:54","date_gmt":"2017-07-01T21:06:54","guid":{"rendered":"http:\/\/www.ceramictiles.com\/srbija\/product\/rocersa-ceres-gris\/"},"modified":"2026-01-01T00:01:53","modified_gmt":"2026-01-01T00:01:53","slug":"rocersa-ceres-gris","status":"publish","type":"product","link":"https:\/\/www.keramika.com\/srbija\/rocersa-ceres-gris\/","title":{"rendered":"Rocersa Ceres Gris"},"content":{"rendered":"<p>Plo\u010dica je debela 10 mm, \u0161to je ubraja u tvrde plo\u010dice. Plo\u010dice dolaze iz \u0160panije, koja je poznata po kvalitetnoj keramiki. Veli\u010dina ove plo\u010dice je 60&#215;60 cm. Plo\u010dice sive boje, su letos izuzetno tre\u017eene. Zbog ni\u017eih tro\u0161kova, online prodaje, Vi \u0107e te na na\u0161oj strani ove plo\u010de platiti samo 2876.15 RSD.<\/p>\n<p>Kliknite na ime serije za sve plo\u010dice u toj seriji: <a class=\"pdfcatal\" href=\"\/\/www.ceramictiles.com\/pdf\/rocersa\/catalogue_rocersa_ceres.pdf\" onclick=\"recordOutboundLink(this, 'E-mail', 'Description PDF');return false;\">Rocersa Ceramica Ceres<\/a><\/p>\n<p>Da bi naru\u010dili model iz PDF kataloga ove serije, molimo vas, da nas kontaktirate na: <a href=\"mailto:zo_mi@ceramictiles.com\" onclick=\"recordOutboundLink(this, 'E-mail', 'Description mail');return false;\">zo_mi@ceramictiles.com<\/a> ili nas pozovite na: For exact offer, PLS send us quantity and product you need with delivery address..<\/p>\n","protected":false},"excerpt":{"rendered":"<p>Plo\u010dica je debela 10 mm, \u0161to je ubraja u tvrde plo\u010dice. Plo\u010dice dolaze iz \u0160panije, koja je poznata po kvalitetnoj keramiki. Veli\u010dina ove plo\u010dice je 60&#215;60 cm. Plo\u010dice sive boje, su letos izuzetno tre\u017eene. Zbog ni\u017eih tro\u0161kova, online prodaje, Vi \u0107e te na na\u0161oj strani ove plo\u010de platiti samo 2876.15 RSD. Kliknite na ime serije [&hellip;]<\/p>\n","protected":false},"featured_media":90329,"template":"","meta":[],"product_cat":[200,240,999,99921437],"product_tag":[],"_links":{"self":[{"href":"https:\/\/www.keramika.com\/srbija\/wp-json\/wp\/v2\/product\/90328"}],"collection":[{"href":"https:\/\/www.keramika.com\/srbija\/wp-json\/wp\/v2\/product"}],"about":[{"href":"https:\/\/www.keramika.com\/srbija\/wp-json\/wp\/v2\/types\/product"}],"wp:featuredmedia":[{"embeddable":true,"href":"https:\/\/www.keramika.com\/srbija\/wp-json\/wp\/v2\/media\/90329"}],"wp:attachment":[{"href":"https:\/\/www.keramika.com\/srbija\/wp-json\/wp\/v2\/media?parent=90328"}],"wp:term":[{"taxonomy":"product_cat","embeddable":true,"href":"https:\/\/www.keramika.com\/srbija\/wp-json\/wp\/v2\/product_cat?post=90328"},{"taxonomy":"product_tag","embeddable":true,"href":"https:\/\/www.keramika.com\/srbija\/wp-json\/wp\/v2\/product_tag?post=90328"}],"curies":[{"name":"wp","href":"https:\/\/api.w.org\/{rel}","templated":true}]}}