{"id":90326,"date":"2017-07-01T21:06:36","date_gmt":"2017-07-01T21:06:36","guid":{"rendered":"http:\/\/www.ceramictiles.com\/srbija\/product\/rocersa-celtic-beige\/"},"modified":"2026-01-01T00:01:52","modified_gmt":"2026-01-01T00:01:52","slug":"rocersa-celtic-beige","status":"publish","type":"product","link":"https:\/\/www.keramika.com\/srbija\/rocersa-celtic-beige\/","title":{"rendered":"Rocersa Celtic Beige"},"content":{"rendered":"<p>Ove be\u017e kerami\u010dke plo\u010dice, obogatit \u0107e svaki prostor. Plo\u010dica je debela 9 mm, \u0161to je ubraja u tvrde plo\u010dice. Veli\u010dina ove plo\u010dice je 31.6&#215;59.34 cm. Rocersa Celtic Beige je proizvod iz \u0160panije te je izuzetno kvalitetna. Rocersa Celtic Beige je dostupna po vrlo povoljnim cenama 2150.5 RSD.<\/p>\n<p>Kliknite na ime serije za sve plo\u010dice u toj seriji: <a class=\"pdfcatal\" href=\"\/\/www.ceramictiles.com\/pdf\/rocersa\/catalogue_rocersa_celtic.pdf\" onclick=\"recordOutboundLink(this, 'E-mail', 'Description PDF');return false;\">Rocersa Ceramica Celtic<\/a><\/p>\n<p>Da bi naru\u010dili model iz PDF kataloga ove serije, molimo vas, da nas kontaktirate na: <a href=\"mailto:zo_mi@ceramictiles.com\" onclick=\"recordOutboundLink(this, 'E-mail', 'Description mail');return false;\">zo_mi@ceramictiles.com<\/a> ili nas pozovite na: For exact offer, PLS send us quantity and product you need with delivery address..<\/p>\n","protected":false},"excerpt":{"rendered":"<p>Ove be\u017e kerami\u010dke plo\u010dice, obogatit \u0107e svaki prostor. Plo\u010dica je debela 9 mm, \u0161to je ubraja u tvrde plo\u010dice. Veli\u010dina ove plo\u010dice je 31.6&#215;59.34 cm. Rocersa Celtic Beige je proizvod iz \u0160panije te je izuzetno kvalitetna. Rocersa Celtic Beige je dostupna po vrlo povoljnim cenama 2150.5 RSD. Kliknite na ime serije za sve plo\u010dice u [&hellip;]<\/p>\n","protected":false},"featured_media":90327,"template":"","meta":[],"product_cat":[200,240,999,99921437],"product_tag":[],"_links":{"self":[{"href":"https:\/\/www.keramika.com\/srbija\/wp-json\/wp\/v2\/product\/90326"}],"collection":[{"href":"https:\/\/www.keramika.com\/srbija\/wp-json\/wp\/v2\/product"}],"about":[{"href":"https:\/\/www.keramika.com\/srbija\/wp-json\/wp\/v2\/types\/product"}],"wp:featuredmedia":[{"embeddable":true,"href":"https:\/\/www.keramika.com\/srbija\/wp-json\/wp\/v2\/media\/90327"}],"wp:attachment":[{"href":"https:\/\/www.keramika.com\/srbija\/wp-json\/wp\/v2\/media?parent=90326"}],"wp:term":[{"taxonomy":"product_cat","embeddable":true,"href":"https:\/\/www.keramika.com\/srbija\/wp-json\/wp\/v2\/product_cat?post=90326"},{"taxonomy":"product_tag","embeddable":true,"href":"https:\/\/www.keramika.com\/srbija\/wp-json\/wp\/v2\/product_tag?post=90326"}],"curies":[{"name":"wp","href":"https:\/\/api.w.org\/{rel}","templated":true}]}}