{"id":90324,"date":"2017-07-01T21:06:16","date_gmt":"2017-07-01T21:06:16","guid":{"rendered":"http:\/\/www.ceramictiles.com\/srbija\/product\/rocersa-canaima-blanco\/"},"modified":"2026-01-01T00:01:52","modified_gmt":"2026-01-01T00:01:52","slug":"rocersa-canaima-blanco","status":"publish","type":"product","link":"https:\/\/www.keramika.com\/srbija\/rocersa-canaima-blanco\/","title":{"rendered":"Rocersa Canaima Blanco"},"content":{"rendered":"<p>9 mm debljine je dovoljno za zahtevnije kupce. Proizvodnja \u0160panije ,koja je poznata u svetu, kao jedana od najboljih proizvo\u0111a\u010da kerami\u010dkih plo\u010dica. U maloprodaji bi morali za tu plo\u010dicu platiti 2150.5 RSD, online cena je samo 1720.4 RSD. Plo\u010dice bele boje osvje\u017eit \u0107e svaki prostor. Veli\u010dina ove plo\u010dice je 25&#215;40 cm.<\/p>\n<p>Kliknite na ime serije za sve plo\u010dice u toj seriji: <a class=\"pdfcatal\" href=\"\/\/www.ceramictiles.com\/pdf\/rocersa\/catalogue_rocersa_canaima.pdf\" onclick=\"recordOutboundLink(this, 'E-mail', 'Description PDF');return false;\">Rocersa Ceramica Canaima<\/a><\/p>\n<p>Da bi naru\u010dili model iz PDF kataloga ove serije, molimo vas, da nas kontaktirate na: <a href=\"mailto:zo_mi@ceramictiles.com\" onclick=\"recordOutboundLink(this, 'E-mail', 'Description mail');return false;\">zo_mi@ceramictiles.com<\/a> ili nas pozovite na: For exact offer, PLS send us quantity and product you need with delivery address..<\/p>\n","protected":false},"excerpt":{"rendered":"<p>9 mm debljine je dovoljno za zahtevnije kupce. Proizvodnja \u0160panije ,koja je poznata u svetu, kao jedana od najboljih proizvo\u0111a\u010da kerami\u010dkih plo\u010dica. U maloprodaji bi morali za tu plo\u010dicu platiti 2150.5 RSD, online cena je samo 1720.4 RSD. Plo\u010dice bele boje osvje\u017eit \u0107e svaki prostor. Veli\u010dina ove plo\u010dice je 25&#215;40 cm. Kliknite na ime serije [&hellip;]<\/p>\n","protected":false},"featured_media":90325,"template":"","meta":[],"product_cat":[200,999,99921437,250],"product_tag":[],"_links":{"self":[{"href":"https:\/\/www.keramika.com\/srbija\/wp-json\/wp\/v2\/product\/90324"}],"collection":[{"href":"https:\/\/www.keramika.com\/srbija\/wp-json\/wp\/v2\/product"}],"about":[{"href":"https:\/\/www.keramika.com\/srbija\/wp-json\/wp\/v2\/types\/product"}],"wp:featuredmedia":[{"embeddable":true,"href":"https:\/\/www.keramika.com\/srbija\/wp-json\/wp\/v2\/media\/90325"}],"wp:attachment":[{"href":"https:\/\/www.keramika.com\/srbija\/wp-json\/wp\/v2\/media?parent=90324"}],"wp:term":[{"taxonomy":"product_cat","embeddable":true,"href":"https:\/\/www.keramika.com\/srbija\/wp-json\/wp\/v2\/product_cat?post=90324"},{"taxonomy":"product_tag","embeddable":true,"href":"https:\/\/www.keramika.com\/srbija\/wp-json\/wp\/v2\/product_tag?post=90324"}],"curies":[{"name":"wp","href":"https:\/\/api.w.org\/{rel}","templated":true}]}}