{"id":90314,"date":"2017-07-01T21:04:33","date_gmt":"2017-07-01T21:04:33","guid":{"rendered":"http:\/\/www.ceramictiles.com\/srbija\/product\/rocersa-beta-azul\/"},"modified":"2026-01-01T00:01:51","modified_gmt":"2026-01-01T00:01:51","slug":"rocersa-beta-azul","status":"publish","type":"product","link":"https:\/\/www.keramika.com\/srbija\/rocersa-beta-azul\/","title":{"rendered":"Rocersa Beta Azul"},"content":{"rendered":"<p>Rocersa Beta Azul dolazi iz \u0160panije, koja je poznata po vrlo visokoj kvaliteta keramike u svetu. Online cena je samo 1917.05 RSD, dok redovna, maloprodajna cena 2396.6 RSD. Plo\u010dica je debela 9 mm, \u0161to je ubraja u tvrde plo\u010dice. U izboru plo\u010dica plave boje, ne mo\u017eete pogre\u0161iti. Plo\u010dica na sliki je 31.6&#215;59.34 cm.<\/p>\n<p>Kliknite na ime serije za sve plo\u010dice u toj seriji: <a class=\"pdfcatal\" href=\"\/\/www.ceramictiles.com\/pdf\/rocersa\/catalogue_rocersa_beta.pdf\" onclick=\"recordOutboundLink(this, 'E-mail', 'Description PDF');return false;\">Rocersa Ceramica Beta<\/a><\/p>\n<p>Da bi naru\u010dili model iz PDF kataloga ove serije, molimo vas, da nas kontaktirate na: <a href=\"mailto:zo_mi@ceramictiles.com\" onclick=\"recordOutboundLink(this, 'E-mail', 'Description mail');return false;\">zo_mi@ceramictiles.com<\/a> ili nas pozovite na: For exact offer, PLS send us quantity and product you need with delivery address..<\/p>\n","protected":false},"excerpt":{"rendered":"<p>Rocersa Beta Azul dolazi iz \u0160panije, koja je poznata po vrlo visokoj kvaliteta keramike u svetu. Online cena je samo 1917.05 RSD, dok redovna, maloprodajna cena 2396.6 RSD. Plo\u010dica je debela 9 mm, \u0161to je ubraja u tvrde plo\u010dice. U izboru plo\u010dica plave boje, ne mo\u017eete pogre\u0161iti. Plo\u010dica na sliki je 31.6&#215;59.34 cm. Kliknite na [&hellip;]<\/p>\n","protected":false},"featured_media":90315,"template":"","meta":[],"product_cat":[200,999,99921437,250],"product_tag":[],"_links":{"self":[{"href":"https:\/\/www.keramika.com\/srbija\/wp-json\/wp\/v2\/product\/90314"}],"collection":[{"href":"https:\/\/www.keramika.com\/srbija\/wp-json\/wp\/v2\/product"}],"about":[{"href":"https:\/\/www.keramika.com\/srbija\/wp-json\/wp\/v2\/types\/product"}],"wp:featuredmedia":[{"embeddable":true,"href":"https:\/\/www.keramika.com\/srbija\/wp-json\/wp\/v2\/media\/90315"}],"wp:attachment":[{"href":"https:\/\/www.keramika.com\/srbija\/wp-json\/wp\/v2\/media?parent=90314"}],"wp:term":[{"taxonomy":"product_cat","embeddable":true,"href":"https:\/\/www.keramika.com\/srbija\/wp-json\/wp\/v2\/product_cat?post=90314"},{"taxonomy":"product_tag","embeddable":true,"href":"https:\/\/www.keramika.com\/srbija\/wp-json\/wp\/v2\/product_tag?post=90314"}],"curies":[{"name":"wp","href":"https:\/\/api.w.org\/{rel}","templated":true}]}}