{"id":90308,"date":"2017-07-01T21:03:28","date_gmt":"2017-07-01T21:03:28","guid":{"rendered":"http:\/\/www.ceramictiles.com\/srbija\/product\/rocersa-atlas-beige\/"},"modified":"2026-01-01T00:01:50","modified_gmt":"2026-01-01T00:01:50","slug":"rocersa-atlas-beige","status":"publish","type":"product","link":"https:\/\/www.keramika.com\/srbija\/rocersa-atlas-beige\/","title":{"rendered":"Rocersa Atlas Beige"},"content":{"rendered":"<p>Ta kolekcija, model plo\u010dice, se prodaje najvi\u0161e be\u017e boje. Ova plo\u010dica je debela 9 mm i zato je izuzetno izdr\u017eljiva. Dimenzije ovih plo\u010dica su 47.2&#215;70.8 cm. Online cena je samo 3010.7 RSD, dok redovna, maloprodajna cena 3763.95 RSD. Rocersa Atlas Beige je proizvod iz \u0160panije te je izuzetno kvalitetna.<\/p>\n<p>Kliknite na ime serije za sve plo\u010dice u toj seriji: <a class=\"pdfcatal\" href=\"\/\/www.ceramictiles.com\/pdf\/rocersa\/catalogue_rocersa_atlas.pdf\" onclick=\"recordOutboundLink(this, 'E-mail', 'Description PDF');return false;\">Rocersa Ceramica Atlas<\/a><\/p>\n<p>Da bi naru\u010dili model iz PDF kataloga ove serije, molimo vas, da nas kontaktirate na: <a href=\"mailto:zo_mi@ceramictiles.com\" onclick=\"recordOutboundLink(this, 'E-mail', 'Description mail');return false;\">zo_mi@ceramictiles.com<\/a> ili nas pozovite na: For exact offer, PLS send us quantity and product you need with delivery address..<\/p>\n","protected":false},"excerpt":{"rendered":"<p>Ta kolekcija, model plo\u010dice, se prodaje najvi\u0161e be\u017e boje. Ova plo\u010dica je debela 9 mm i zato je izuzetno izdr\u017eljiva. Dimenzije ovih plo\u010dica su 47.2&#215;70.8 cm. Online cena je samo 3010.7 RSD, dok redovna, maloprodajna cena 3763.95 RSD. Rocersa Atlas Beige je proizvod iz \u0160panije te je izuzetno kvalitetna. Kliknite na ime serije za sve [&hellip;]<\/p>\n","protected":false},"featured_media":90309,"template":"","meta":[],"product_cat":[200,999,99921437,250],"product_tag":[],"_links":{"self":[{"href":"https:\/\/www.keramika.com\/srbija\/wp-json\/wp\/v2\/product\/90308"}],"collection":[{"href":"https:\/\/www.keramika.com\/srbija\/wp-json\/wp\/v2\/product"}],"about":[{"href":"https:\/\/www.keramika.com\/srbija\/wp-json\/wp\/v2\/types\/product"}],"wp:featuredmedia":[{"embeddable":true,"href":"https:\/\/www.keramika.com\/srbija\/wp-json\/wp\/v2\/media\/90309"}],"wp:attachment":[{"href":"https:\/\/www.keramika.com\/srbija\/wp-json\/wp\/v2\/media?parent=90308"}],"wp:term":[{"taxonomy":"product_cat","embeddable":true,"href":"https:\/\/www.keramika.com\/srbija\/wp-json\/wp\/v2\/product_cat?post=90308"},{"taxonomy":"product_tag","embeddable":true,"href":"https:\/\/www.keramika.com\/srbija\/wp-json\/wp\/v2\/product_tag?post=90308"}],"curies":[{"name":"wp","href":"https:\/\/api.w.org\/{rel}","templated":true}]}}