{"id":90304,"date":"2017-07-01T21:02:46","date_gmt":"2017-07-01T21:02:46","guid":{"rendered":"http:\/\/www.ceramictiles.com\/srbija\/product\/rocersa-atelier-roble\/"},"modified":"2026-01-01T00:01:50","modified_gmt":"2026-01-01T00:01:50","slug":"rocersa-atelier-roble","status":"publish","type":"product","link":"https:\/\/www.keramika.com\/srbija\/rocersa-atelier-roble\/","title":{"rendered":"Rocersa Atelier Roble"},"content":{"rendered":"<p>Keramika je prekrasne braon boje. U koliko \u017eelite neku drugu boju, pozovite nas i mi \u0107emo proveriti kod proizvo\u0111a\u010da. Rocersa Atelier Roble je proizvod iz \u0160panije te je izuzetno kvalitetna. \u0160irina i du\u017eina plo\u010dice su 15.6&#215;70.8 cm. Rocersa Atelier Roble je dostupna po vrlo povoljnim cenama 3638.6 RSD. Debljina 9 mm \u010dini plo\u010dicu vrlo izdr\u017eljivom i prijatnom na dodir.<\/p>\n<p>Kliknite na ime serije za sve plo\u010dice u toj seriji: <a class=\"pdfcatal\" href=\"\/\/www.ceramictiles.com\/pdf\/rocersa\/catalogue_rocersa_atelier.pdf\" onclick=\"recordOutboundLink(this, 'E-mail', 'Description PDF');return false;\">Rocersa Ceramica Atelier<\/a><\/p>\n<p>Da bi naru\u010dili model iz PDF kataloga ove serije, molimo vas, da nas kontaktirate na: <a href=\"mailto:zo_mi@ceramictiles.com\" onclick=\"recordOutboundLink(this, 'E-mail', 'Description mail');return false;\">zo_mi@ceramictiles.com<\/a> ili nas pozovite na: For exact offer, PLS send us quantity and product you need with delivery address..<\/p>\n","protected":false},"excerpt":{"rendered":"<p>Keramika je prekrasne braon boje. U koliko \u017eelite neku drugu boju, pozovite nas i mi \u0107emo proveriti kod proizvo\u0111a\u010da. Rocersa Atelier Roble je proizvod iz \u0160panije te je izuzetno kvalitetna. \u0160irina i du\u017eina plo\u010dice su 15.6&#215;70.8 cm. Rocersa Atelier Roble je dostupna po vrlo povoljnim cenama 3638.6 RSD. Debljina 9 mm \u010dini plo\u010dicu vrlo izdr\u017eljivom [&hellip;]<\/p>\n","protected":false},"featured_media":90305,"template":"","meta":[],"product_cat":[200,240,999,99921437],"product_tag":[],"_links":{"self":[{"href":"https:\/\/www.keramika.com\/srbija\/wp-json\/wp\/v2\/product\/90304"}],"collection":[{"href":"https:\/\/www.keramika.com\/srbija\/wp-json\/wp\/v2\/product"}],"about":[{"href":"https:\/\/www.keramika.com\/srbija\/wp-json\/wp\/v2\/types\/product"}],"wp:featuredmedia":[{"embeddable":true,"href":"https:\/\/www.keramika.com\/srbija\/wp-json\/wp\/v2\/media\/90305"}],"wp:attachment":[{"href":"https:\/\/www.keramika.com\/srbija\/wp-json\/wp\/v2\/media?parent=90304"}],"wp:term":[{"taxonomy":"product_cat","embeddable":true,"href":"https:\/\/www.keramika.com\/srbija\/wp-json\/wp\/v2\/product_cat?post=90304"},{"taxonomy":"product_tag","embeddable":true,"href":"https:\/\/www.keramika.com\/srbija\/wp-json\/wp\/v2\/product_tag?post=90304"}],"curies":[{"name":"wp","href":"https:\/\/api.w.org\/{rel}","templated":true}]}}