{"id":90302,"date":"2017-07-01T21:02:26","date_gmt":"2017-07-01T21:02:26","guid":{"rendered":"http:\/\/www.ceramictiles.com\/srbija\/product\/rocersa-aliste-beige\/"},"modified":"2026-01-01T00:01:49","modified_gmt":"2026-01-01T00:01:49","slug":"rocersa-aliste-beige","status":"publish","type":"product","link":"https:\/\/www.keramika.com\/srbija\/rocersa-aliste-beige\/","title":{"rendered":"Rocersa Aliste Beige"},"content":{"rendered":"<p>Plo\u010dice be\u017e boje osvje\u017eit \u0107e svaki prostor. Veli\u010dina plo\u010dice je 31.6&#215;31.6 cm i odli\u010dna je za razli\u010dite povr\u0161ine. Redovna cena, ovih plo\u010dica u maloprodaji je 2458.7 RSD. U na\u0161oj online trgovini, je mo\u017eete kupiti za 1966.5 RSD. Ove plo\u010dice dolaze od proizvo\u0111a\u010da Rocersa Ceramica, iz \u0160panije. 9 mm debljine je dovoljno za zahtevnije kupce.<\/p>\n<p>Kliknite na ime serije za sve plo\u010dice u toj seriji: <a class=\"pdfcatal\" href=\"\/\/www.ceramictiles.com\/pdf\/rocersa\/catalogue_rocersa_aliste.pdf\" onclick=\"recordOutboundLink(this, 'E-mail', 'Description PDF');return false;\">Rocersa Ceramica Aliste<\/a><\/p>\n<p>Da bi naru\u010dili model iz PDF kataloga ove serije, molimo vas, da nas kontaktirate na: <a href=\"mailto:zo_mi@ceramictiles.com\" onclick=\"recordOutboundLink(this, 'E-mail', 'Description mail');return false;\">zo_mi@ceramictiles.com<\/a> ili nas pozovite na: For exact offer, PLS send us quantity and product you need with delivery address..<\/p>\n","protected":false},"excerpt":{"rendered":"<p>Plo\u010dice be\u017e boje osvje\u017eit \u0107e svaki prostor. Veli\u010dina plo\u010dice je 31.6&#215;31.6 cm i odli\u010dna je za razli\u010dite povr\u0161ine. Redovna cena, ovih plo\u010dica u maloprodaji je 2458.7 RSD. U na\u0161oj online trgovini, je mo\u017eete kupiti za 1966.5 RSD. Ove plo\u010dice dolaze od proizvo\u0111a\u010da Rocersa Ceramica, iz \u0160panije. 9 mm debljine je dovoljno za zahtevnije kupce. Kliknite [&hellip;]<\/p>\n","protected":false},"featured_media":90303,"template":"","meta":[],"product_cat":[200,240,999,99921437],"product_tag":[],"_links":{"self":[{"href":"https:\/\/www.keramika.com\/srbija\/wp-json\/wp\/v2\/product\/90302"}],"collection":[{"href":"https:\/\/www.keramika.com\/srbija\/wp-json\/wp\/v2\/product"}],"about":[{"href":"https:\/\/www.keramika.com\/srbija\/wp-json\/wp\/v2\/types\/product"}],"wp:featuredmedia":[{"embeddable":true,"href":"https:\/\/www.keramika.com\/srbija\/wp-json\/wp\/v2\/media\/90303"}],"wp:attachment":[{"href":"https:\/\/www.keramika.com\/srbija\/wp-json\/wp\/v2\/media?parent=90302"}],"wp:term":[{"taxonomy":"product_cat","embeddable":true,"href":"https:\/\/www.keramika.com\/srbija\/wp-json\/wp\/v2\/product_cat?post=90302"},{"taxonomy":"product_tag","embeddable":true,"href":"https:\/\/www.keramika.com\/srbija\/wp-json\/wp\/v2\/product_tag?post=90302"}],"curies":[{"name":"wp","href":"https:\/\/api.w.org\/{rel}","templated":true}]}}