{"id":90298,"date":"2017-07-01T21:01:44","date_gmt":"2017-07-01T21:01:44","guid":{"rendered":"http:\/\/www.ceramictiles.com\/srbija\/product\/harmony-d-osaka-h\/"},"modified":"2017-07-01T21:01:44","modified_gmt":"2017-07-01T21:01:44","slug":"harmony-d-osaka-h","status":"publish","type":"product","link":"https:\/\/www.keramika.com\/srbija\/harmony-d-osaka-h\/","title":{"rendered":"Harmony D. Osaka-H"},"content":{"rendered":"<p>Ove plo\u010dice dolaze od proizvo\u0111a\u010da Peronda Ceramicas, iz \u0160panije. 8 mm debljina \u0107e zadovoljiti i najzahtevnije kupce. Veli\u010dina plo\u010dice je 28&#215;28 cm i odli\u010dna je za razli\u010dite povr\u0161ine. Plo\u010dice braon boje, su letos izuzetno tre\u017eene.<\/p>\n<p>Kliknite na ime serije za sve plo\u010dice u toj seriji: <a class=\"pdfcatal\" href=\"\/\/www.ceramictiles.com\/pdf\/peronda\/catalogue_peronda_harmony.pdf\" onclick=\"recordOutboundLink(this, 'E-mail', 'Description PDF');return false;\">Peronda Ceramicas Harmony<\/a><\/p>\n<p>Da bi naru\u010dili model iz PDF kataloga ove serije, molimo vas, da nas kontaktirate na: <a href=\"mailto:zo_mi@ceramictiles.com\" onclick=\"recordOutboundLink(this, 'E-mail', 'Description mail');return false;\">zo_mi@ceramictiles.com<\/a> ili nas pozovite na: For exact offer, PLS send us quantity and product you need with delivery address..<\/p>\n","protected":false},"excerpt":{"rendered":"<p>Ove plo\u010dice dolaze od proizvo\u0111a\u010da Peronda Ceramicas, iz \u0160panije. 8 mm debljina \u0107e zadovoljiti i najzahtevnije kupce. Veli\u010dina plo\u010dice je 28&#215;28 cm i odli\u010dna je za razli\u010dite povr\u0161ine. Plo\u010dice braon boje, su letos izuzetno tre\u017eene. Kliknite na ime serije za sve plo\u010dice u toj seriji: Peronda Ceramicas Harmony Da bi naru\u010dili model iz PDF kataloga [&hellip;]<\/p>\n","protected":false},"featured_media":90299,"template":"","meta":[],"product_cat":[200,999109,999,250],"product_tag":[],"_links":{"self":[{"href":"https:\/\/www.keramika.com\/srbija\/wp-json\/wp\/v2\/product\/90298"}],"collection":[{"href":"https:\/\/www.keramika.com\/srbija\/wp-json\/wp\/v2\/product"}],"about":[{"href":"https:\/\/www.keramika.com\/srbija\/wp-json\/wp\/v2\/types\/product"}],"wp:featuredmedia":[{"embeddable":true,"href":"https:\/\/www.keramika.com\/srbija\/wp-json\/wp\/v2\/media\/90299"}],"wp:attachment":[{"href":"https:\/\/www.keramika.com\/srbija\/wp-json\/wp\/v2\/media?parent=90298"}],"wp:term":[{"taxonomy":"product_cat","embeddable":true,"href":"https:\/\/www.keramika.com\/srbija\/wp-json\/wp\/v2\/product_cat?post=90298"},{"taxonomy":"product_tag","embeddable":true,"href":"https:\/\/www.keramika.com\/srbija\/wp-json\/wp\/v2\/product_tag?post=90298"}],"curies":[{"name":"wp","href":"https:\/\/api.w.org\/{rel}","templated":true}]}}