{"id":90294,"date":"2017-07-01T21:01:08","date_gmt":"2017-07-01T21:01:08","guid":{"rendered":"http:\/\/www.ceramictiles.com\/srbija\/product\/museum-versalles-p-luxury\/"},"modified":"2017-07-01T21:01:08","modified_gmt":"2017-07-01T21:01:08","slug":"museum-versalles-p-luxury","status":"publish","type":"product","link":"https:\/\/www.keramika.com\/srbija\/museum-versalles-p-luxury\/","title":{"rendered":"Museum Versalles-P Luxury"},"content":{"rendered":"<p>Veli\u010dina 44&#215;44 cm je odli\u010dna za sve podloge. Ova plo\u010dica je debela 10 mm i zato je izuzetno izdr\u017eljiva. Ove bele kerami\u010dke plo\u010dice, obogatit \u0107e svaki prostor. Museum Versalles-P Luxury dolazi iz \u0160panije, koja je poznata po vrlo visokoj kvaliteta keramike u svetu.<\/p>\n<p>Kliknite na ime serije za sve plo\u010dice u toj seriji: <a class=\"pdfcatal\" href=\"\/\/www.ceramictiles.com\/pdf\/peronda\/catalogue_peronda_museum_versalles_luxury.pdf\" onclick=\"recordOutboundLink(this, 'E-mail', 'Description PDF');return false;\">Peronda Ceramicas Museum Versalles Luxury<\/a><\/p>\n<p>Da bi naru\u010dili model iz PDF kataloga ove serije, molimo vas, da nas kontaktirate na: <a href=\"mailto:zo_mi@ceramictiles.com\" onclick=\"recordOutboundLink(this, 'E-mail', 'Description mail');return false;\">zo_mi@ceramictiles.com<\/a> ili nas pozovite na: For exact offer, PLS send us quantity and product you need with delivery address..<\/p>\n","protected":false},"excerpt":{"rendered":"<p>Veli\u010dina 44&#215;44 cm je odli\u010dna za sve podloge. Ova plo\u010dica je debela 10 mm i zato je izuzetno izdr\u017eljiva. Ove bele kerami\u010dke plo\u010dice, obogatit \u0107e svaki prostor. Museum Versalles-P Luxury dolazi iz \u0160panije, koja je poznata po vrlo visokoj kvaliteta keramike u svetu. Kliknite na ime serije za sve plo\u010dice u toj seriji: Peronda Ceramicas [&hellip;]<\/p>\n","protected":false},"featured_media":90295,"template":"","meta":[],"product_cat":[200,999109,240,999],"product_tag":[],"_links":{"self":[{"href":"https:\/\/www.keramika.com\/srbija\/wp-json\/wp\/v2\/product\/90294"}],"collection":[{"href":"https:\/\/www.keramika.com\/srbija\/wp-json\/wp\/v2\/product"}],"about":[{"href":"https:\/\/www.keramika.com\/srbija\/wp-json\/wp\/v2\/types\/product"}],"wp:featuredmedia":[{"embeddable":true,"href":"https:\/\/www.keramika.com\/srbija\/wp-json\/wp\/v2\/media\/90295"}],"wp:attachment":[{"href":"https:\/\/www.keramika.com\/srbija\/wp-json\/wp\/v2\/media?parent=90294"}],"wp:term":[{"taxonomy":"product_cat","embeddable":true,"href":"https:\/\/www.keramika.com\/srbija\/wp-json\/wp\/v2\/product_cat?post=90294"},{"taxonomy":"product_tag","embeddable":true,"href":"https:\/\/www.keramika.com\/srbija\/wp-json\/wp\/v2\/product_tag?post=90294"}],"curies":[{"name":"wp","href":"https:\/\/api.w.org\/{rel}","templated":true}]}}