{"id":90240,"date":"2017-07-01T20:52:09","date_gmt":"2017-07-01T20:52:09","guid":{"rendered":"http:\/\/www.ceramictiles.com\/srbija\/product\/peronda-stone-queensland-g\/"},"modified":"2017-07-01T20:52:09","modified_gmt":"2017-07-01T20:52:09","slug":"peronda-stone-queensland-g","status":"publish","type":"product","link":"https:\/\/www.keramika.com\/srbija\/peronda-stone-queensland-g\/","title":{"rendered":"Peronda Stone Queensland-G"},"content":{"rendered":"<p>Plo\u010dice sive boje, su letos izuzetno tre\u017eene. Ova plo\u010dica je debela 10 mm i zato je izuzetno izdr\u017eljiva. Peronda Stone Queensland-G je proizvod iz \u0160panije te je izuzetno kvalitetna. Plo\u010dica na sliki je 45.6&#215;67.5 cm.<\/p>\n<p>Kliknite na ime serije za sve plo\u010dice u toj seriji: <a class=\"pdfcatal\" href=\"\/\/www.ceramictiles.com\/pdf\/peronda\/catalogue_peronda_stone_passion_queensland.pdf\" onclick=\"recordOutboundLink(this, 'E-mail', 'Description PDF');return false;\">Peronda Ceramicas Stone<\/a><\/p>\n<p>Da bi naru\u010dili model iz PDF kataloga ove serije, molimo vas, da nas kontaktirate na: <a href=\"mailto:zo_mi@ceramictiles.com\" onclick=\"recordOutboundLink(this, 'E-mail', 'Description mail');return false;\">zo_mi@ceramictiles.com<\/a> ili nas pozovite na: For exact offer, PLS send us quantity and product you need with delivery address..<\/p>\n","protected":false},"excerpt":{"rendered":"<p>Plo\u010dice sive boje, su letos izuzetno tre\u017eene. Ova plo\u010dica je debela 10 mm i zato je izuzetno izdr\u017eljiva. Peronda Stone Queensland-G je proizvod iz \u0160panije te je izuzetno kvalitetna. Plo\u010dica na sliki je 45.6&#215;67.5 cm. Kliknite na ime serije za sve plo\u010dice u toj seriji: Peronda Ceramicas Stone Da bi naru\u010dili model iz PDF kataloga [&hellip;]<\/p>\n","protected":false},"featured_media":90241,"template":"","meta":[],"product_cat":[200,999109,240,999],"product_tag":[],"_links":{"self":[{"href":"https:\/\/www.keramika.com\/srbija\/wp-json\/wp\/v2\/product\/90240"}],"collection":[{"href":"https:\/\/www.keramika.com\/srbija\/wp-json\/wp\/v2\/product"}],"about":[{"href":"https:\/\/www.keramika.com\/srbija\/wp-json\/wp\/v2\/types\/product"}],"wp:featuredmedia":[{"embeddable":true,"href":"https:\/\/www.keramika.com\/srbija\/wp-json\/wp\/v2\/media\/90241"}],"wp:attachment":[{"href":"https:\/\/www.keramika.com\/srbija\/wp-json\/wp\/v2\/media?parent=90240"}],"wp:term":[{"taxonomy":"product_cat","embeddable":true,"href":"https:\/\/www.keramika.com\/srbija\/wp-json\/wp\/v2\/product_cat?post=90240"},{"taxonomy":"product_tag","embeddable":true,"href":"https:\/\/www.keramika.com\/srbija\/wp-json\/wp\/v2\/product_tag?post=90240"}],"curies":[{"name":"wp","href":"https:\/\/api.w.org\/{rel}","templated":true}]}}