{"id":90236,"date":"2017-07-01T20:51:30","date_gmt":"2017-07-01T20:51:30","guid":{"rendered":"http:\/\/www.ceramictiles.com\/srbija\/product\/peronda-stone-domus-g\/"},"modified":"2017-07-01T20:51:30","modified_gmt":"2017-07-01T20:51:30","slug":"peronda-stone-domus-g","status":"publish","type":"product","link":"https:\/\/www.keramika.com\/srbija\/peronda-stone-domus-g\/","title":{"rendered":"Peronda Stone Domus-G"},"content":{"rendered":"<p>plo\u010dica proizvo\u0111a\u010da Peronda Ceramicas iz \u0160panije. 10 mm debljine je dovoljno za zahtevnije kupce. Ove sive kerami\u010dke plo\u010dice, obogatit \u0107e svaki prostor. Plo\u010dica 45.6&#215;67.5 cm je dobra za ve\u0107 razli\u010ditih namena.<\/p>\n<p>Kliknite na ime serije za sve plo\u010dice u toj seriji: <a class=\"pdfcatal\" href=\"\/\/www.ceramictiles.com\/pdf\/peronda\/catalogue_peronda_stone_passion_domus.pdf\" onclick=\"recordOutboundLink(this, 'E-mail', 'Description PDF');return false;\">Peronda Ceramicas Stone<\/a><\/p>\n<p>Da bi naru\u010dili model iz PDF kataloga ove serije, molimo vas, da nas kontaktirate na: <a href=\"mailto:zo_mi@ceramictiles.com\" onclick=\"recordOutboundLink(this, 'E-mail', 'Description mail');return false;\">zo_mi@ceramictiles.com<\/a> ili nas pozovite na: For exact offer, PLS send us quantity and product you need with delivery address..<\/p>\n","protected":false},"excerpt":{"rendered":"<p>plo\u010dica proizvo\u0111a\u010da Peronda Ceramicas iz \u0160panije. 10 mm debljine je dovoljno za zahtevnije kupce. Ove sive kerami\u010dke plo\u010dice, obogatit \u0107e svaki prostor. Plo\u010dica 45.6&#215;67.5 cm je dobra za ve\u0107 razli\u010ditih namena. Kliknite na ime serije za sve plo\u010dice u toj seriji: Peronda Ceramicas Stone Da bi naru\u010dili model iz PDF kataloga ove serije, molimo vas, [&hellip;]<\/p>\n","protected":false},"featured_media":90237,"template":"","meta":[],"product_cat":[200,999109,999,250],"product_tag":[],"_links":{"self":[{"href":"https:\/\/www.keramika.com\/srbija\/wp-json\/wp\/v2\/product\/90236"}],"collection":[{"href":"https:\/\/www.keramika.com\/srbija\/wp-json\/wp\/v2\/product"}],"about":[{"href":"https:\/\/www.keramika.com\/srbija\/wp-json\/wp\/v2\/types\/product"}],"wp:featuredmedia":[{"embeddable":true,"href":"https:\/\/www.keramika.com\/srbija\/wp-json\/wp\/v2\/media\/90237"}],"wp:attachment":[{"href":"https:\/\/www.keramika.com\/srbija\/wp-json\/wp\/v2\/media?parent=90236"}],"wp:term":[{"taxonomy":"product_cat","embeddable":true,"href":"https:\/\/www.keramika.com\/srbija\/wp-json\/wp\/v2\/product_cat?post=90236"},{"taxonomy":"product_tag","embeddable":true,"href":"https:\/\/www.keramika.com\/srbija\/wp-json\/wp\/v2\/product_tag?post=90236"}],"curies":[{"name":"wp","href":"https:\/\/api.w.org\/{rel}","templated":true}]}}