{"id":90226,"date":"2017-07-01T20:49:24","date_gmt":"2017-07-01T20:49:24","guid":{"rendered":"http:\/\/www.ceramictiles.com\/srbija\/product\/peronda-polar-frost-na\/"},"modified":"2017-07-01T20:49:24","modified_gmt":"2017-07-01T20:49:24","slug":"peronda-polar-frost-na","status":"publish","type":"product","link":"https:\/\/www.keramika.com\/srbija\/peronda-polar-frost-na\/","title":{"rendered":"Peronda Polar Frost-Na"},"content":{"rendered":"<p>Plo\u010dica je debela 8 mm, \u0161to je ubraja u tvrde plo\u010dice. Veli\u010dina 33&#215;33 cm je odli\u010dna za sve podloge. plo\u010dica proizvo\u0111a\u010da Peronda Ceramicas iz \u0160panije. Ove narand\u017easte kerami\u010dke plo\u010dice, obogatit \u0107e svaki prostor.<\/p>\n<p>Kliknite na ime serije za sve plo\u010dice u toj seriji: <a class=\"pdfcatal\" href=\"\/\/www.ceramictiles.com\/pdf\/peronda\/catalogue_peronda_polar.pdf\" onclick=\"recordOutboundLink(this, 'E-mail', 'Description PDF');return false;\">Peronda Ceramicas Polar<\/a><\/p>\n<p>Da bi naru\u010dili model iz PDF kataloga ove serije, molimo vas, da nas kontaktirate na: <a href=\"mailto:zo_mi@ceramictiles.com\" onclick=\"recordOutboundLink(this, 'E-mail', 'Description mail');return false;\">zo_mi@ceramictiles.com<\/a> ili nas pozovite na: For exact offer, PLS send us quantity and product you need with delivery address..<\/p>\n","protected":false},"excerpt":{"rendered":"<p>Plo\u010dica je debela 8 mm, \u0161to je ubraja u tvrde plo\u010dice. Veli\u010dina 33&#215;33 cm je odli\u010dna za sve podloge. plo\u010dica proizvo\u0111a\u010da Peronda Ceramicas iz \u0160panije. Ove narand\u017easte kerami\u010dke plo\u010dice, obogatit \u0107e svaki prostor. Kliknite na ime serije za sve plo\u010dice u toj seriji: Peronda Ceramicas Polar Da bi naru\u010dili model iz PDF kataloga ove serije, [&hellip;]<\/p>\n","protected":false},"featured_media":90227,"template":"","meta":[],"product_cat":[200,999109,999,250],"product_tag":[],"_links":{"self":[{"href":"https:\/\/www.keramika.com\/srbija\/wp-json\/wp\/v2\/product\/90226"}],"collection":[{"href":"https:\/\/www.keramika.com\/srbija\/wp-json\/wp\/v2\/product"}],"about":[{"href":"https:\/\/www.keramika.com\/srbija\/wp-json\/wp\/v2\/types\/product"}],"wp:featuredmedia":[{"embeddable":true,"href":"https:\/\/www.keramika.com\/srbija\/wp-json\/wp\/v2\/media\/90227"}],"wp:attachment":[{"href":"https:\/\/www.keramika.com\/srbija\/wp-json\/wp\/v2\/media?parent=90226"}],"wp:term":[{"taxonomy":"product_cat","embeddable":true,"href":"https:\/\/www.keramika.com\/srbija\/wp-json\/wp\/v2\/product_cat?post=90226"},{"taxonomy":"product_tag","embeddable":true,"href":"https:\/\/www.keramika.com\/srbija\/wp-json\/wp\/v2\/product_tag?post=90226"}],"curies":[{"name":"wp","href":"https:\/\/api.w.org\/{rel}","templated":true}]}}