{"id":90222,"date":"2017-07-01T20:48:39","date_gmt":"2017-07-01T20:48:39","guid":{"rendered":"http:\/\/www.ceramictiles.com\/srbija\/product\/peronda-nexus-h\/"},"modified":"2017-07-01T20:48:39","modified_gmt":"2017-07-01T20:48:39","slug":"peronda-nexus-h","status":"publish","type":"product","link":"https:\/\/www.keramika.com\/srbija\/peronda-nexus-h\/","title":{"rendered":"Peronda Nexus-H"},"content":{"rendered":"<p>Izuzetno moderne plo\u010dice be\u017e boje, osve\u017eit \u0107e svaki prostor. plo\u010dica proizvo\u0111a\u010da Peronda Ceramicas iz \u0160panije. Veli\u010dina 60&#215;60 cm je odli\u010dna za sve podloge. 12 mm debljina \u0107e zadovoljiti i najzahtevnije kupce.<\/p>\n<p>Kliknite na ime serije za sve plo\u010dice u toj seriji: <a class=\"pdfcatal\" href=\"\/\/www.ceramictiles.com\/pdf\/peronda\/catalogue_peronda_nexus.pdf\" onclick=\"recordOutboundLink(this, 'E-mail', 'Description PDF');return false;\">Peronda Ceramicas Nexus<\/a><\/p>\n<p>Da bi naru\u010dili model iz PDF kataloga ove serije, molimo vas, da nas kontaktirate na: <a href=\"mailto:zo_mi@ceramictiles.com\" onclick=\"recordOutboundLink(this, 'E-mail', 'Description mail');return false;\">zo_mi@ceramictiles.com<\/a> ili nas pozovite na: For exact offer, PLS send us quantity and product you need with delivery address..<\/p>\n","protected":false},"excerpt":{"rendered":"<p>Izuzetno moderne plo\u010dice be\u017e boje, osve\u017eit \u0107e svaki prostor. plo\u010dica proizvo\u0111a\u010da Peronda Ceramicas iz \u0160panije. Veli\u010dina 60&#215;60 cm je odli\u010dna za sve podloge. 12 mm debljina \u0107e zadovoljiti i najzahtevnije kupce. Kliknite na ime serije za sve plo\u010dice u toj seriji: Peronda Ceramicas Nexus Da bi naru\u010dili model iz PDF kataloga ove serije, molimo vas, [&hellip;]<\/p>\n","protected":false},"featured_media":90223,"template":"","meta":[],"product_cat":[200,999109,240,999],"product_tag":[],"_links":{"self":[{"href":"https:\/\/www.keramika.com\/srbija\/wp-json\/wp\/v2\/product\/90222"}],"collection":[{"href":"https:\/\/www.keramika.com\/srbija\/wp-json\/wp\/v2\/product"}],"about":[{"href":"https:\/\/www.keramika.com\/srbija\/wp-json\/wp\/v2\/types\/product"}],"wp:featuredmedia":[{"embeddable":true,"href":"https:\/\/www.keramika.com\/srbija\/wp-json\/wp\/v2\/media\/90223"}],"wp:attachment":[{"href":"https:\/\/www.keramika.com\/srbija\/wp-json\/wp\/v2\/media?parent=90222"}],"wp:term":[{"taxonomy":"product_cat","embeddable":true,"href":"https:\/\/www.keramika.com\/srbija\/wp-json\/wp\/v2\/product_cat?post=90222"},{"taxonomy":"product_tag","embeddable":true,"href":"https:\/\/www.keramika.com\/srbija\/wp-json\/wp\/v2\/product_tag?post=90222"}],"curies":[{"name":"wp","href":"https:\/\/api.w.org\/{rel}","templated":true}]}}