{"id":90212,"date":"2017-07-01T20:46:56","date_gmt":"2017-07-01T20:46:56","guid":{"rendered":"http:\/\/www.ceramictiles.com\/srbija\/product\/peronda-leon-n\/"},"modified":"2017-07-01T20:46:56","modified_gmt":"2017-07-01T20:46:56","slug":"peronda-leon-n","status":"publish","type":"product","link":"https:\/\/www.keramika.com\/srbija\/peronda-leon-n\/","title":{"rendered":"Peronda Leon-N"},"content":{"rendered":"<p>Plo\u010dice braon boje osvje\u017eit \u0107e svaki prostor. Plo\u010dica je debela 10 mm, \u0161to je ubraja u tvrde plo\u010dice. Dimenzije ovih plo\u010dica su 33&#215;66 cm. Ove plo\u010dice dolaze od proizvo\u0111a\u010da Peronda Ceramicas, iz \u0160panije.<\/p>\n<p>Kliknite na ime serije za sve plo\u010dice u toj seriji: <a class=\"pdfcatal\" href=\"\/\/www.ceramictiles.com\/pdf\/peronda\/catalogue_peronda_leon.pdf\" onclick=\"recordOutboundLink(this, 'E-mail', 'Description PDF');return false;\">Peronda Ceramicas Leon<\/a><\/p>\n<p>Da bi naru\u010dili model iz PDF kataloga ove serije, molimo vas, da nas kontaktirate na: <a href=\"mailto:zo_mi@ceramictiles.com\" onclick=\"recordOutboundLink(this, 'E-mail', 'Description mail');return false;\">zo_mi@ceramictiles.com<\/a> ili nas pozovite na: For exact offer, PLS send us quantity and product you need with delivery address..<\/p>\n","protected":false},"excerpt":{"rendered":"<p>Plo\u010dice braon boje osvje\u017eit \u0107e svaki prostor. Plo\u010dica je debela 10 mm, \u0161to je ubraja u tvrde plo\u010dice. Dimenzije ovih plo\u010dica su 33&#215;66 cm. Ove plo\u010dice dolaze od proizvo\u0111a\u010da Peronda Ceramicas, iz \u0160panije. Kliknite na ime serije za sve plo\u010dice u toj seriji: Peronda Ceramicas Leon Da bi naru\u010dili model iz PDF kataloga ove serije, [&hellip;]<\/p>\n","protected":false},"featured_media":90213,"template":"","meta":[],"product_cat":[200,999109,240,999],"product_tag":[],"_links":{"self":[{"href":"https:\/\/www.keramika.com\/srbija\/wp-json\/wp\/v2\/product\/90212"}],"collection":[{"href":"https:\/\/www.keramika.com\/srbija\/wp-json\/wp\/v2\/product"}],"about":[{"href":"https:\/\/www.keramika.com\/srbija\/wp-json\/wp\/v2\/types\/product"}],"wp:featuredmedia":[{"embeddable":true,"href":"https:\/\/www.keramika.com\/srbija\/wp-json\/wp\/v2\/media\/90213"}],"wp:attachment":[{"href":"https:\/\/www.keramika.com\/srbija\/wp-json\/wp\/v2\/media?parent=90212"}],"wp:term":[{"taxonomy":"product_cat","embeddable":true,"href":"https:\/\/www.keramika.com\/srbija\/wp-json\/wp\/v2\/product_cat?post=90212"},{"taxonomy":"product_tag","embeddable":true,"href":"https:\/\/www.keramika.com\/srbija\/wp-json\/wp\/v2\/product_tag?post=90212"}],"curies":[{"name":"wp","href":"https:\/\/api.w.org\/{rel}","templated":true}]}}