{"id":90208,"date":"2017-07-01T20:46:18","date_gmt":"2017-07-01T20:46:18","guid":{"rendered":"http:\/\/www.ceramictiles.com\/srbija\/product\/peronda-horm-g\/"},"modified":"2017-07-01T20:46:18","modified_gmt":"2017-07-01T20:46:18","slug":"peronda-horm-g","status":"publish","type":"product","link":"https:\/\/www.keramika.com\/srbija\/peronda-horm-g\/","title":{"rendered":"Peronda Horm-G"},"content":{"rendered":"<p>Ove plo\u010dice dolaze od proizvo\u0111a\u010da Peronda Ceramicas, iz \u0160panije. Veli\u010dina 60&#215;60 cm je odli\u010dna za sve podloge. Ova plo\u010dica je debela 12 mm i zato je izuzetno izdr\u017eljiva. Izuzetno moderne plo\u010dice sive boje, osve\u017eit \u0107e svaki prostor.<\/p>\n<p>Kliknite na ime serije za sve plo\u010dice u toj seriji: <a class=\"pdfcatal\" href=\"\/\/www.ceramictiles.com\/pdf\/peronda\/catalogue_peronda_horm.pdf\" onclick=\"recordOutboundLink(this, 'E-mail', 'Description PDF');return false;\">Peronda Ceramicas Horm<\/a><\/p>\n<p>Da bi naru\u010dili model iz PDF kataloga ove serije, molimo vas, da nas kontaktirate na: <a href=\"mailto:zo_mi@ceramictiles.com\" onclick=\"recordOutboundLink(this, 'E-mail', 'Description mail');return false;\">zo_mi@ceramictiles.com<\/a> ili nas pozovite na: For exact offer, PLS send us quantity and product you need with delivery address..<\/p>\n","protected":false},"excerpt":{"rendered":"<p>Ove plo\u010dice dolaze od proizvo\u0111a\u010da Peronda Ceramicas, iz \u0160panije. Veli\u010dina 60&#215;60 cm je odli\u010dna za sve podloge. Ova plo\u010dica je debela 12 mm i zato je izuzetno izdr\u017eljiva. Izuzetno moderne plo\u010dice sive boje, osve\u017eit \u0107e svaki prostor. Kliknite na ime serije za sve plo\u010dice u toj seriji: Peronda Ceramicas Horm Da bi naru\u010dili model iz [&hellip;]<\/p>\n","protected":false},"featured_media":90209,"template":"","meta":[],"product_cat":[200,999109,240,999],"product_tag":[],"_links":{"self":[{"href":"https:\/\/www.keramika.com\/srbija\/wp-json\/wp\/v2\/product\/90208"}],"collection":[{"href":"https:\/\/www.keramika.com\/srbija\/wp-json\/wp\/v2\/product"}],"about":[{"href":"https:\/\/www.keramika.com\/srbija\/wp-json\/wp\/v2\/types\/product"}],"wp:featuredmedia":[{"embeddable":true,"href":"https:\/\/www.keramika.com\/srbija\/wp-json\/wp\/v2\/media\/90209"}],"wp:attachment":[{"href":"https:\/\/www.keramika.com\/srbija\/wp-json\/wp\/v2\/media?parent=90208"}],"wp:term":[{"taxonomy":"product_cat","embeddable":true,"href":"https:\/\/www.keramika.com\/srbija\/wp-json\/wp\/v2\/product_cat?post=90208"},{"taxonomy":"product_tag","embeddable":true,"href":"https:\/\/www.keramika.com\/srbija\/wp-json\/wp\/v2\/product_tag?post=90208"}],"curies":[{"name":"wp","href":"https:\/\/api.w.org\/{rel}","templated":true}]}}