{"id":90204,"date":"2017-07-01T20:45:41","date_gmt":"2017-07-01T20:45:41","guid":{"rendered":"http:\/\/www.ceramictiles.com\/srbija\/product\/peronda-fs-3\/"},"modified":"2017-07-01T20:45:41","modified_gmt":"2017-07-01T20:45:41","slug":"peronda-fs-3","status":"publish","type":"product","link":"https:\/\/www.keramika.com\/srbija\/peronda-fs-3\/","title":{"rendered":"Peronda Fs-3"},"content":{"rendered":"<p>10 mm debljina \u0107e zadovoljiti i najzahtevnije kupce. Veli\u010dina 45&#215;45 cm je odli\u010dna za sve podloge. Ove plave kerami\u010dke plo\u010dice, obogatit \u0107e svaki prostor. plo\u010dica proizvo\u0111a\u010da Peronda Ceramicas iz \u0160panije.<\/p>\n<p>Kliknite na ime serije za sve plo\u010dice u toj seriji: <a class=\"pdfcatal\" href=\"\/\/www.ceramictiles.com\/pdf\/peronda\/catalogue_peronda_fsbyperonda.pdf\" onclick=\"recordOutboundLink(this, 'E-mail', 'Description PDF');return false;\">Peronda Ceramicas Fs By Peronda<\/a><\/p>\n<p>Da bi naru\u010dili model iz PDF kataloga ove serije, molimo vas, da nas kontaktirate na: <a href=\"mailto:zo_mi@ceramictiles.com\" onclick=\"recordOutboundLink(this, 'E-mail', 'Description mail');return false;\">zo_mi@ceramictiles.com<\/a> ili nas pozovite na: For exact offer, PLS send us quantity and product you need with delivery address..<\/p>\n","protected":false},"excerpt":{"rendered":"<p>10 mm debljina \u0107e zadovoljiti i najzahtevnije kupce. Veli\u010dina 45&#215;45 cm je odli\u010dna za sve podloge. Ove plave kerami\u010dke plo\u010dice, obogatit \u0107e svaki prostor. plo\u010dica proizvo\u0111a\u010da Peronda Ceramicas iz \u0160panije. Kliknite na ime serije za sve plo\u010dice u toj seriji: Peronda Ceramicas Fs By Peronda Da bi naru\u010dili model iz PDF kataloga ove serije, molimo [&hellip;]<\/p>\n","protected":false},"featured_media":90205,"template":"","meta":[],"product_cat":[200,999109,240,999],"product_tag":[],"_links":{"self":[{"href":"https:\/\/www.keramika.com\/srbija\/wp-json\/wp\/v2\/product\/90204"}],"collection":[{"href":"https:\/\/www.keramika.com\/srbija\/wp-json\/wp\/v2\/product"}],"about":[{"href":"https:\/\/www.keramika.com\/srbija\/wp-json\/wp\/v2\/types\/product"}],"wp:featuredmedia":[{"embeddable":true,"href":"https:\/\/www.keramika.com\/srbija\/wp-json\/wp\/v2\/media\/90205"}],"wp:attachment":[{"href":"https:\/\/www.keramika.com\/srbija\/wp-json\/wp\/v2\/media?parent=90204"}],"wp:term":[{"taxonomy":"product_cat","embeddable":true,"href":"https:\/\/www.keramika.com\/srbija\/wp-json\/wp\/v2\/product_cat?post=90204"},{"taxonomy":"product_tag","embeddable":true,"href":"https:\/\/www.keramika.com\/srbija\/wp-json\/wp\/v2\/product_tag?post=90204"}],"curies":[{"name":"wp","href":"https:\/\/api.w.org\/{rel}","templated":true}]}}