{"id":90182,"date":"2017-07-01T20:42:28","date_gmt":"2017-07-01T20:42:28","guid":{"rendered":"http:\/\/www.ceramictiles.com\/srbija\/product\/peronda-canada-r\/"},"modified":"2017-07-01T20:42:28","modified_gmt":"2017-07-01T20:42:28","slug":"peronda-canada-r","status":"publish","type":"product","link":"https:\/\/www.keramika.com\/srbija\/peronda-canada-r\/","title":{"rendered":"Peronda Canada-R"},"content":{"rendered":"<p>U izboru plo\u010dica be\u017e boje, ne mo\u017eete pogre\u0161iti. Debljina plo\u010dice, je vrlo va\u017ena 10 mm i ubraja tu plo\u010dicu me\u0111u najkvalitetnije. \u0160irina i du\u017eina plo\u010dice su 45&#215;45 cm. Ove plo\u010dice dolaze od proizvo\u0111a\u010da Peronda Ceramicas, iz \u0160panije.<\/p>\n<p>Kliknite na ime serije za sve plo\u010dice u toj seriji: <a class=\"pdfcatal\" href=\"\/\/www.ceramictiles.com\/pdf\/peronda\/catalogue_peronda_canada.pdf\" onclick=\"recordOutboundLink(this, 'E-mail', 'Description PDF');return false;\">Peronda Ceramicas Canada<\/a><\/p>\n<p>Da bi naru\u010dili model iz PDF kataloga ove serije, molimo vas, da nas kontaktirate na: <a href=\"mailto:zo_mi@ceramictiles.com\" onclick=\"recordOutboundLink(this, 'E-mail', 'Description mail');return false;\">zo_mi@ceramictiles.com<\/a> ili nas pozovite na: For exact offer, PLS send us quantity and product you need with delivery address..<\/p>\n","protected":false},"excerpt":{"rendered":"<p>U izboru plo\u010dica be\u017e boje, ne mo\u017eete pogre\u0161iti. Debljina plo\u010dice, je vrlo va\u017ena 10 mm i ubraja tu plo\u010dicu me\u0111u najkvalitetnije. \u0160irina i du\u017eina plo\u010dice su 45&#215;45 cm. Ove plo\u010dice dolaze od proizvo\u0111a\u010da Peronda Ceramicas, iz \u0160panije. Kliknite na ime serije za sve plo\u010dice u toj seriji: Peronda Ceramicas Canada Da bi naru\u010dili model iz [&hellip;]<\/p>\n","protected":false},"featured_media":90183,"template":"","meta":[],"product_cat":[200,999109,240,999],"product_tag":[],"_links":{"self":[{"href":"https:\/\/www.keramika.com\/srbija\/wp-json\/wp\/v2\/product\/90182"}],"collection":[{"href":"https:\/\/www.keramika.com\/srbija\/wp-json\/wp\/v2\/product"}],"about":[{"href":"https:\/\/www.keramika.com\/srbija\/wp-json\/wp\/v2\/types\/product"}],"wp:featuredmedia":[{"embeddable":true,"href":"https:\/\/www.keramika.com\/srbija\/wp-json\/wp\/v2\/media\/90183"}],"wp:attachment":[{"href":"https:\/\/www.keramika.com\/srbija\/wp-json\/wp\/v2\/media?parent=90182"}],"wp:term":[{"taxonomy":"product_cat","embeddable":true,"href":"https:\/\/www.keramika.com\/srbija\/wp-json\/wp\/v2\/product_cat?post=90182"},{"taxonomy":"product_tag","embeddable":true,"href":"https:\/\/www.keramika.com\/srbija\/wp-json\/wp\/v2\/product_tag?post=90182"}],"curies":[{"name":"wp","href":"https:\/\/api.w.org\/{rel}","templated":true}]}}