{"id":90172,"date":"2017-07-01T20:40:50","date_gmt":"2017-07-01T20:40:50","guid":{"rendered":"http:\/\/www.ceramictiles.com\/srbija\/product\/peronda-atlas-n\/"},"modified":"2017-07-01T20:40:50","modified_gmt":"2017-07-01T20:40:50","slug":"peronda-atlas-n","status":"publish","type":"product","link":"https:\/\/www.keramika.com\/srbija\/peronda-atlas-n\/","title":{"rendered":"Peronda Atlas-N"},"content":{"rendered":"<p>Plo\u010dica je debela 8 mm, \u0161to je ubraja u tvrde plo\u010dice. Peronda Atlas-N je proizvod iz \u0160panije te je izuzetno kvalitetna. \u0160irina i du\u017eina plo\u010dice su 33&#215;33 cm. U izboru plo\u010dica crne boje, ne mo\u017eete pogre\u0161iti.<\/p>\n<p>Kliknite na ime serije za sve plo\u010dice u toj seriji: <a class=\"pdfcatal\" href=\"\/\/www.ceramictiles.com\/pdf\/peronda\/catalogue_peronda_atlas.pdf\" onclick=\"recordOutboundLink(this, 'E-mail', 'Description PDF');return false;\">Peronda Ceramicas Atlas<\/a><\/p>\n<p>Da bi naru\u010dili model iz PDF kataloga ove serije, molimo vas, da nas kontaktirate na: <a href=\"mailto:zo_mi@ceramictiles.com\" onclick=\"recordOutboundLink(this, 'E-mail', 'Description mail');return false;\">zo_mi@ceramictiles.com<\/a> ili nas pozovite na: For exact offer, PLS send us quantity and product you need with delivery address..<\/p>\n","protected":false},"excerpt":{"rendered":"<p>Plo\u010dica je debela 8 mm, \u0161to je ubraja u tvrde plo\u010dice. Peronda Atlas-N je proizvod iz \u0160panije te je izuzetno kvalitetna. \u0160irina i du\u017eina plo\u010dice su 33&#215;33 cm. U izboru plo\u010dica crne boje, ne mo\u017eete pogre\u0161iti. Kliknite na ime serije za sve plo\u010dice u toj seriji: Peronda Ceramicas Atlas Da bi naru\u010dili model iz PDF [&hellip;]<\/p>\n","protected":false},"featured_media":90173,"template":"","meta":[],"product_cat":[200,999109,240,999],"product_tag":[],"_links":{"self":[{"href":"https:\/\/www.keramika.com\/srbija\/wp-json\/wp\/v2\/product\/90172"}],"collection":[{"href":"https:\/\/www.keramika.com\/srbija\/wp-json\/wp\/v2\/product"}],"about":[{"href":"https:\/\/www.keramika.com\/srbija\/wp-json\/wp\/v2\/types\/product"}],"wp:featuredmedia":[{"embeddable":true,"href":"https:\/\/www.keramika.com\/srbija\/wp-json\/wp\/v2\/media\/90173"}],"wp:attachment":[{"href":"https:\/\/www.keramika.com\/srbija\/wp-json\/wp\/v2\/media?parent=90172"}],"wp:term":[{"taxonomy":"product_cat","embeddable":true,"href":"https:\/\/www.keramika.com\/srbija\/wp-json\/wp\/v2\/product_cat?post=90172"},{"taxonomy":"product_tag","embeddable":true,"href":"https:\/\/www.keramika.com\/srbija\/wp-json\/wp\/v2\/product_tag?post=90172"}],"curies":[{"name":"wp","href":"https:\/\/api.w.org\/{rel}","templated":true}]}}