{"id":90166,"date":"2017-07-01T20:39:57","date_gmt":"2017-07-01T20:39:57","guid":{"rendered":"http:\/\/www.ceramictiles.com\/srbija\/product\/plocice-za-kupatilo-fap-zero\/"},"modified":"2026-01-01T00:01:48","modified_gmt":"2026-01-01T00:01:48","slug":"plocice-za-kupatilo-fap-zero","status":"publish","type":"product","link":"https:\/\/www.keramika.com\/srbija\/plocice-za-kupatilo-fap-zero\/","title":{"rendered":"Plo\u010dice za kupatilo Fap Zero"},"content":{"rendered":"<p>Plo\u010dice dolaze iz Italije, koja je poznata po kvalitetnoj keramiki. Plo\u010dica na sliki je 25&#215;75 cm. Fap ceramiche Zero Denim je dostupna po vrlo povoljnim cenama 5123,25 RSD. Plo\u010dice plave boje osvje\u017eit \u0107e svaki prostor. 8 mm debljine je dovoljno za zahtevnije kupce.<\/p>\n<p>Kliknite na ime serije za sve plo\u010dice u toj seriji: <a class=\"pdfcatal\" href=\"\/\/www.ceramictiles.com\/pdf\/fap\/catalogue_fap_zero.pdf\" onclick=\"recordOutboundLink(this, 'E-mail', 'Description PDF');return false;\">Fap Ceramiche &#8211; Gruppo Concorde Zero<\/a><\/p>\n<p>Da bi naru\u010dili model iz PDF kataloga ove serije, molimo vas, da nas kontaktirate na: <a href=\"mailto:zo_mi@ceramictiles.com\" onclick=\"recordOutboundLink(this, 'E-mail', 'Description mail');return false;\">zo_mi@ceramictiles.com<\/a> ili nas pozovite na: For exact offer, PLS send us quantity and product you need with delivery address..<\/p>\n","protected":false},"excerpt":{"rendered":"<p>Plo\u010dice dolaze iz Italije, koja je poznata po kvalitetnoj keramiki. Plo\u010dica na sliki je 25&#215;75 cm. Fap ceramiche Zero Denim je dostupna po vrlo povoljnim cenama 5123,25 RSD. Plo\u010dice plave boje osvje\u017eit \u0107e svaki prostor. 8 mm debljine je dovoljno za zahtevnije kupce. Kliknite na ime serije za sve plo\u010dice u toj seriji: Fap Ceramiche [&hellip;]<\/p>\n","protected":false},"featured_media":90167,"template":"","meta":[],"product_cat":[999519,200,999,250],"product_tag":[],"_links":{"self":[{"href":"https:\/\/www.keramika.com\/srbija\/wp-json\/wp\/v2\/product\/90166"}],"collection":[{"href":"https:\/\/www.keramika.com\/srbija\/wp-json\/wp\/v2\/product"}],"about":[{"href":"https:\/\/www.keramika.com\/srbija\/wp-json\/wp\/v2\/types\/product"}],"wp:featuredmedia":[{"embeddable":true,"href":"https:\/\/www.keramika.com\/srbija\/wp-json\/wp\/v2\/media\/90167"}],"wp:attachment":[{"href":"https:\/\/www.keramika.com\/srbija\/wp-json\/wp\/v2\/media?parent=90166"}],"wp:term":[{"taxonomy":"product_cat","embeddable":true,"href":"https:\/\/www.keramika.com\/srbija\/wp-json\/wp\/v2\/product_cat?post=90166"},{"taxonomy":"product_tag","embeddable":true,"href":"https:\/\/www.keramika.com\/srbija\/wp-json\/wp\/v2\/product_tag?post=90166"}],"curies":[{"name":"wp","href":"https:\/\/api.w.org\/{rel}","templated":true}]}}