{"id":90164,"date":"2017-07-01T20:39:39","date_gmt":"2017-07-01T20:39:39","guid":{"rendered":"http:\/\/www.ceramictiles.com\/srbija\/product\/plocice-za-kupatilo-fap-voyage\/"},"modified":"2026-01-01T00:01:48","modified_gmt":"2026-01-01T00:01:48","slug":"plocice-za-kupatilo-fap-voyage","status":"publish","type":"product","link":"https:\/\/www.keramika.com\/srbija\/plocice-za-kupatilo-fap-voyage\/","title":{"rendered":"Plo\u010dice za kupatilo Fap Voyage"},"content":{"rendered":"<p>Plo\u010dica je debela 8 mm, \u0161to je ubraja u tvrde plo\u010dice. Ove plo\u010dice dolaze od proizvo\u0111a\u010da Fap Ceramiche &#8211; Gruppo Concorde, iz Italije. Ta kolekcija, model plo\u010dice, se prodaje najvi\u0161e ljubi\u010daste boje. Online cena je samo 9884,25 RSD, dok redovna, maloprodajna cena 12355,6 RSD. Plo\u010dica 30,5&#215;91,5 cm je dobra za ve\u0107 razli\u010ditih namena.<\/p>\n<p>Kliknite na ime serije za sve plo\u010dice u toj seriji: <a class=\"pdfcatal\" href=\"\/\/www.ceramictiles.com\/pdf\/fap\/catalogue_fap_voyage.pdf\" onclick=\"recordOutboundLink(this, 'E-mail', 'Description PDF');return false;\">Fap Ceramiche &#8211; Gruppo Concorde Voyage<\/a><\/p>\n<p>Da bi naru\u010dili model iz PDF kataloga ove serije, molimo vas, da nas kontaktirate na: <a href=\"mailto:zo_mi@ceramictiles.com\" onclick=\"recordOutboundLink(this, 'E-mail', 'Description mail');return false;\">zo_mi@ceramictiles.com<\/a> ili nas pozovite na: For exact offer, PLS send us quantity and product you need with delivery address..<\/p>\n","protected":false},"excerpt":{"rendered":"<p>Plo\u010dica je debela 8 mm, \u0161to je ubraja u tvrde plo\u010dice. Ove plo\u010dice dolaze od proizvo\u0111a\u010da Fap Ceramiche &#8211; Gruppo Concorde, iz Italije. Ta kolekcija, model plo\u010dice, se prodaje najvi\u0161e ljubi\u010daste boje. Online cena je samo 9884,25 RSD, dok redovna, maloprodajna cena 12355,6 RSD. Plo\u010dica 30,5&#215;91,5 cm je dobra za ve\u0107 razli\u010ditih namena. Kliknite na [&hellip;]<\/p>\n","protected":false},"featured_media":90165,"template":"","meta":[],"product_cat":[999519,200,999,250],"product_tag":[],"_links":{"self":[{"href":"https:\/\/www.keramika.com\/srbija\/wp-json\/wp\/v2\/product\/90164"}],"collection":[{"href":"https:\/\/www.keramika.com\/srbija\/wp-json\/wp\/v2\/product"}],"about":[{"href":"https:\/\/www.keramika.com\/srbija\/wp-json\/wp\/v2\/types\/product"}],"wp:featuredmedia":[{"embeddable":true,"href":"https:\/\/www.keramika.com\/srbija\/wp-json\/wp\/v2\/media\/90165"}],"wp:attachment":[{"href":"https:\/\/www.keramika.com\/srbija\/wp-json\/wp\/v2\/media?parent=90164"}],"wp:term":[{"taxonomy":"product_cat","embeddable":true,"href":"https:\/\/www.keramika.com\/srbija\/wp-json\/wp\/v2\/product_cat?post=90164"},{"taxonomy":"product_tag","embeddable":true,"href":"https:\/\/www.keramika.com\/srbija\/wp-json\/wp\/v2\/product_tag?post=90164"}],"curies":[{"name":"wp","href":"https:\/\/api.w.org\/{rel}","templated":true}]}}