{"id":90162,"date":"2017-07-01T20:39:20","date_gmt":"2017-07-01T20:39:20","guid":{"rendered":"http:\/\/www.ceramictiles.com\/srbija\/product\/mozaik-plocice-fap-visionary\/"},"modified":"2026-01-01T00:01:47","modified_gmt":"2026-01-01T00:01:47","slug":"mozaik-plocice-fap-visionary","status":"publish","type":"product","link":"https:\/\/www.keramika.com\/srbija\/mozaik-plocice-fap-visionary\/","title":{"rendered":"Mozaik plo\u010dice Fap Visionary"},"content":{"rendered":"<p>\u0160irina i du\u017eina plo\u010dice su 30,5&#215;56 cm. Online cena je samo 7348,5 RSD, dok redovna, maloprodajna cena 9185,05 RSD. Debljina 10 mm \u010dini plo\u010dicu vrlo izdr\u017eljivom i prijatnom na dodir. Fap ceramiche Visionary Bordeaux je proizvod iz Italije te je izuzetno kvalitetna. Plo\u010dice crvene boje, su letos izuzetno tre\u017eene.<\/p>\n<p>Kliknite na ime serije za sve plo\u010dice u toj seriji: <a class=\"pdfcatal\" href=\"\/\/www.ceramictiles.com\/pdf\/fap\/catalogue_fap_visionary.pdf\" onclick=\"recordOutboundLink(this, 'E-mail', 'Description PDF');return false;\">Fap Ceramiche &#8211; Gruppo Concorde Visionary<\/a><\/p>\n<p>Da bi naru\u010dili model iz PDF kataloga ove serije, molimo vas, da nas kontaktirate na: <a href=\"mailto:zo_mi@ceramictiles.com\" onclick=\"recordOutboundLink(this, 'E-mail', 'Description mail');return false;\">zo_mi@ceramictiles.com<\/a> ili nas pozovite na: For exact offer, PLS send us quantity and product you need with delivery address..<\/p>\n","protected":false},"excerpt":{"rendered":"<p>\u0160irina i du\u017eina plo\u010dice su 30,5&#215;56 cm. Online cena je samo 7348,5 RSD, dok redovna, maloprodajna cena 9185,05 RSD. Debljina 10 mm \u010dini plo\u010dicu vrlo izdr\u017eljivom i prijatnom na dodir. Fap ceramiche Visionary Bordeaux je proizvod iz Italije te je izuzetno kvalitetna. Plo\u010dice crvene boje, su letos izuzetno tre\u017eene. Kliknite na ime serije za sve [&hellip;]<\/p>\n","protected":false},"featured_media":90163,"template":"","meta":[],"product_cat":[999519,200,999,250],"product_tag":[],"_links":{"self":[{"href":"https:\/\/www.keramika.com\/srbija\/wp-json\/wp\/v2\/product\/90162"}],"collection":[{"href":"https:\/\/www.keramika.com\/srbija\/wp-json\/wp\/v2\/product"}],"about":[{"href":"https:\/\/www.keramika.com\/srbija\/wp-json\/wp\/v2\/types\/product"}],"wp:featuredmedia":[{"embeddable":true,"href":"https:\/\/www.keramika.com\/srbija\/wp-json\/wp\/v2\/media\/90163"}],"wp:attachment":[{"href":"https:\/\/www.keramika.com\/srbija\/wp-json\/wp\/v2\/media?parent=90162"}],"wp:term":[{"taxonomy":"product_cat","embeddable":true,"href":"https:\/\/www.keramika.com\/srbija\/wp-json\/wp\/v2\/product_cat?post=90162"},{"taxonomy":"product_tag","embeddable":true,"href":"https:\/\/www.keramika.com\/srbija\/wp-json\/wp\/v2\/product_tag?post=90162"}],"curies":[{"name":"wp","href":"https:\/\/api.w.org\/{rel}","templated":true}]}}