{"id":90154,"date":"2017-07-01T20:38:09","date_gmt":"2017-07-01T20:38:09","guid":{"rendered":"http:\/\/www.ceramictiles.com\/srbija\/product\/plocice-za-kupatilo-fap-supernatural\/"},"modified":"2026-01-01T00:01:46","modified_gmt":"2026-01-01T00:01:46","slug":"plocice-za-kupatilo-fap-supernatural","status":"publish","type":"product","link":"https:\/\/www.keramika.com\/srbija\/plocice-za-kupatilo-fap-supernatural\/","title":{"rendered":"Plo\u010dice za kupatilo Fap Supernatural"},"content":{"rendered":"<p>Veli\u010dina plo\u010dice je 30,5&#215;91,5 cm i odli\u010dna je za razli\u010dite povr\u0161ine. Online cena je samo 8280 RSD, dok redovna, maloprodajna cena 10350 RSD. plo\u010dica proizvo\u0111a\u010da Fap Ceramiche &#8211; Gruppo Concorde iz Italije. Debljina 8 mm \u010dini plo\u010dicu vrlo izdr\u017eljivom i prijatnom na dodir. Ove sive kerami\u010dke plo\u010dice, obogatit \u0107e svaki prostor.<\/p>\n<p>Kliknite na ime serije za sve plo\u010dice u toj seriji: <a class=\"pdfcatal\" href=\"\/\/www.ceramictiles.com\/pdf\/fap\/catalogue_fap_supernatural.pdf\" onclick=\"recordOutboundLink(this, 'E-mail', 'Description PDF');return false;\">Fap Ceramiche &#8211; Gruppo Concorde Supernatural<\/a><\/p>\n<p>Da bi naru\u010dili model iz PDF kataloga ove serije, molimo vas, da nas kontaktirate na: <a href=\"mailto:zo_mi@ceramictiles.com\" onclick=\"recordOutboundLink(this, 'E-mail', 'Description mail');return false;\">zo_mi@ceramictiles.com<\/a> ili nas pozovite na: For exact offer, PLS send us quantity and product you need with delivery address..<\/p>\n","protected":false},"excerpt":{"rendered":"<p>Veli\u010dina plo\u010dice je 30,5&#215;91,5 cm i odli\u010dna je za razli\u010dite povr\u0161ine. Online cena je samo 8280 RSD, dok redovna, maloprodajna cena 10350 RSD. plo\u010dica proizvo\u0111a\u010da Fap Ceramiche &#8211; Gruppo Concorde iz Italije. Debljina 8 mm \u010dini plo\u010dicu vrlo izdr\u017eljivom i prijatnom na dodir. Ove sive kerami\u010dke plo\u010dice, obogatit \u0107e svaki prostor. Kliknite na ime serije [&hellip;]<\/p>\n","protected":false},"featured_media":90155,"template":"","meta":[],"product_cat":[999519,200,999,250],"product_tag":[],"_links":{"self":[{"href":"https:\/\/www.keramika.com\/srbija\/wp-json\/wp\/v2\/product\/90154"}],"collection":[{"href":"https:\/\/www.keramika.com\/srbija\/wp-json\/wp\/v2\/product"}],"about":[{"href":"https:\/\/www.keramika.com\/srbija\/wp-json\/wp\/v2\/types\/product"}],"wp:featuredmedia":[{"embeddable":true,"href":"https:\/\/www.keramika.com\/srbija\/wp-json\/wp\/v2\/media\/90155"}],"wp:attachment":[{"href":"https:\/\/www.keramika.com\/srbija\/wp-json\/wp\/v2\/media?parent=90154"}],"wp:term":[{"taxonomy":"product_cat","embeddable":true,"href":"https:\/\/www.keramika.com\/srbija\/wp-json\/wp\/v2\/product_cat?post=90154"},{"taxonomy":"product_tag","embeddable":true,"href":"https:\/\/www.keramika.com\/srbija\/wp-json\/wp\/v2\/product_tag?post=90154"}],"curies":[{"name":"wp","href":"https:\/\/api.w.org\/{rel}","templated":true}]}}