{"id":90148,"date":"2017-07-01T20:37:21","date_gmt":"2017-07-01T20:37:21","guid":{"rendered":"http:\/\/www.ceramictiles.com\/srbija\/product\/porcelanske-plocice-fap-rubacuori\/"},"modified":"2026-01-01T00:01:45","modified_gmt":"2026-01-01T00:01:45","slug":"porcelanske-plocice-fap-rubacuori","status":"publish","type":"product","link":"https:\/\/www.keramika.com\/srbija\/porcelanske-plocice-fap-rubacuori\/","title":{"rendered":"Porcelanske plo\u010dice Fap Rubacuori"},"content":{"rendered":"<p>Plo\u010dice dolaze iz Italije, koja je poznata po kvalitetnoj keramiki. Dimenzije ovih plo\u010dica su 25&#215;40 cm. Plo\u010dice roze boje osvje\u017eit \u0107e svaki prostor. 8 mm debljina \u0107e zadovoljiti i najzahtevnije kupce. U maloprodaji bi morali za tu plo\u010dicu platiti 4935,8 RSD, online cena je samo 3881,25 RSD.<\/p>\n<p>Kliknite na ime serije za sve plo\u010dice u toj seriji: <a class=\"pdfcatal\" href=\"\/\/www.ceramictiles.com\/pdf\/fap\/catalogue_fap_rubacuori.pdf\" onclick=\"recordOutboundLink(this, 'E-mail', 'Description PDF');return false;\">Fap Ceramiche &#8211; Gruppo Concorde Rubacuori<\/a><\/p>\n<p>Da bi naru\u010dili model iz PDF kataloga ove serije, molimo vas, da nas kontaktirate na: <a href=\"mailto:zo_mi@ceramictiles.com\" onclick=\"recordOutboundLink(this, 'E-mail', 'Description mail');return false;\">zo_mi@ceramictiles.com<\/a> ili nas pozovite na: For exact offer, PLS send us quantity and product you need with delivery address..<\/p>\n","protected":false},"excerpt":{"rendered":"<p>Plo\u010dice dolaze iz Italije, koja je poznata po kvalitetnoj keramiki. Dimenzije ovih plo\u010dica su 25&#215;40 cm. Plo\u010dice roze boje osvje\u017eit \u0107e svaki prostor. 8 mm debljina \u0107e zadovoljiti i najzahtevnije kupce. U maloprodaji bi morali za tu plo\u010dicu platiti 4935,8 RSD, online cena je samo 3881,25 RSD. Kliknite na ime serije za sve plo\u010dice u [&hellip;]<\/p>\n","protected":false},"featured_media":90149,"template":"","meta":[],"product_cat":[999519,200,999,250],"product_tag":[],"_links":{"self":[{"href":"https:\/\/www.keramika.com\/srbija\/wp-json\/wp\/v2\/product\/90148"}],"collection":[{"href":"https:\/\/www.keramika.com\/srbija\/wp-json\/wp\/v2\/product"}],"about":[{"href":"https:\/\/www.keramika.com\/srbija\/wp-json\/wp\/v2\/types\/product"}],"wp:featuredmedia":[{"embeddable":true,"href":"https:\/\/www.keramika.com\/srbija\/wp-json\/wp\/v2\/media\/90149"}],"wp:attachment":[{"href":"https:\/\/www.keramika.com\/srbija\/wp-json\/wp\/v2\/media?parent=90148"}],"wp:term":[{"taxonomy":"product_cat","embeddable":true,"href":"https:\/\/www.keramika.com\/srbija\/wp-json\/wp\/v2\/product_cat?post=90148"},{"taxonomy":"product_tag","embeddable":true,"href":"https:\/\/www.keramika.com\/srbija\/wp-json\/wp\/v2\/product_tag?post=90148"}],"curies":[{"name":"wp","href":"https:\/\/api.w.org\/{rel}","templated":true}]}}