{"id":90142,"date":"2017-07-01T20:36:17","date_gmt":"2017-07-01T20:36:17","guid":{"rendered":"http:\/\/www.ceramictiles.com\/srbija\/product\/projekt-plocice-fap-oh\/"},"modified":"2026-01-01T00:01:44","modified_gmt":"2026-01-01T00:01:44","slug":"projekt-plocice-fap-oh","status":"publish","type":"product","link":"https:\/\/www.keramika.com\/srbija\/projekt-plocice-fap-oh\/","title":{"rendered":"Projekt plo\u010dice Fap Oh!"},"content":{"rendered":"<p>Plo\u010dice dolaze iz Italije, koja je poznata po kvalitetnoj keramiki. Izuzetno moderne plo\u010dice roze boje, osve\u017eit \u0107e svaki prostor. Online cena je samo 6261,75 RSD, dok redovna, maloprodajna cena 7825,75 RSD. Plo\u010dica je debela 8 mm, \u0161to je ubraja u tvrde plo\u010dice. Veli\u010dina plo\u010dice je 30,5&#215;30,5 cm i odli\u010dna je za razli\u010dite povr\u0161ine.<\/p>\n<p>Kliknite na ime serije za sve plo\u010dice u toj seriji: <a class=\"pdfcatal\" href=\"\/\/www.ceramictiles.com\/pdf\/fap\/catalogue_fap_oh.pdf\" onclick=\"recordOutboundLink(this, 'E-mail', 'Description PDF');return false;\">Fap Ceramiche &#8211; Gruppo Concorde Oh!<\/a><\/p>\n<p>Da bi naru\u010dili model iz PDF kataloga ove serije, molimo vas, da nas kontaktirate na: <a href=\"mailto:zo_mi@ceramictiles.com\" onclick=\"recordOutboundLink(this, 'E-mail', 'Description mail');return false;\">zo_mi@ceramictiles.com<\/a> ili nas pozovite na: For exact offer, PLS send us quantity and product you need with delivery address..<\/p>\n","protected":false},"excerpt":{"rendered":"<p>Plo\u010dice dolaze iz Italije, koja je poznata po kvalitetnoj keramiki. Izuzetno moderne plo\u010dice roze boje, osve\u017eit \u0107e svaki prostor. Online cena je samo 6261,75 RSD, dok redovna, maloprodajna cena 7825,75 RSD. Plo\u010dica je debela 8 mm, \u0161to je ubraja u tvrde plo\u010dice. Veli\u010dina plo\u010dice je 30,5&#215;30,5 cm i odli\u010dna je za razli\u010dite povr\u0161ine. Kliknite na [&hellip;]<\/p>\n","protected":false},"featured_media":90143,"template":"","meta":[],"product_cat":[999519,200,999,250],"product_tag":[],"_links":{"self":[{"href":"https:\/\/www.keramika.com\/srbija\/wp-json\/wp\/v2\/product\/90142"}],"collection":[{"href":"https:\/\/www.keramika.com\/srbija\/wp-json\/wp\/v2\/product"}],"about":[{"href":"https:\/\/www.keramika.com\/srbija\/wp-json\/wp\/v2\/types\/product"}],"wp:featuredmedia":[{"embeddable":true,"href":"https:\/\/www.keramika.com\/srbija\/wp-json\/wp\/v2\/media\/90143"}],"wp:attachment":[{"href":"https:\/\/www.keramika.com\/srbija\/wp-json\/wp\/v2\/media?parent=90142"}],"wp:term":[{"taxonomy":"product_cat","embeddable":true,"href":"https:\/\/www.keramika.com\/srbija\/wp-json\/wp\/v2\/product_cat?post=90142"},{"taxonomy":"product_tag","embeddable":true,"href":"https:\/\/www.keramika.com\/srbija\/wp-json\/wp\/v2\/product_tag?post=90142"}],"curies":[{"name":"wp","href":"https:\/\/api.w.org\/{rel}","templated":true}]}}