{"id":90128,"date":"2017-07-01T20:34:18","date_gmt":"2017-07-01T20:34:18","guid":{"rendered":"http:\/\/www.ceramictiles.com\/srbija\/product\/kuhinjske-plocice-fap-groove\/"},"modified":"2026-01-01T00:01:43","modified_gmt":"2026-01-01T00:01:43","slug":"kuhinjske-plocice-fap-groove","status":"publish","type":"product","link":"https:\/\/www.keramika.com\/srbija\/kuhinjske-plocice-fap-groove\/","title":{"rendered":"Kuhinjske plo\u010dice Fap Groove"},"content":{"rendered":"<p>Debljina 10 mm \u010dini plo\u010dicu vrlo izdr\u017eljivom i prijatnom na dodir. Redovna cena, ovih plo\u010dica u maloprodaji je 8991,85 RSD. U na\u0161oj online trgovini, je mo\u017eete kupiti za 7193,25 RSD. Fap ceramiche Groove Sand je proizvod iz Italije te je izuzetno kvalitetna. Veli\u010dina plo\u010dice je 60&#215;60 cm i odli\u010dna je za razli\u010dite povr\u0161ine. Keramika je prekrasne narand\u017easte boje. U koliko \u017eelite neku drugu boju, pozovite nas i mi \u0107emo proveriti kod proizvo\u0111a\u010da.<\/p>\n<p>Kliknite na ime serije za sve plo\u010dice u toj seriji: <a class=\"pdfcatal\" href=\"\/\/www.ceramictiles.com\/pdf\/fap\/catalogue_fap_groove.pdf\" onclick=\"recordOutboundLink(this, 'E-mail', 'Description PDF');return false;\">Fap Ceramiche &#8211; Gruppo Concorde Groove<\/a><\/p>\n<p>Da bi naru\u010dili model iz PDF kataloga ove serije, molimo vas, da nas kontaktirate na: <a href=\"mailto:zo_mi@ceramictiles.com\" onclick=\"recordOutboundLink(this, 'E-mail', 'Description mail');return false;\">zo_mi@ceramictiles.com<\/a> ili nas pozovite na: For exact offer, PLS send us quantity and product you need with delivery address..<\/p>\n","protected":false},"excerpt":{"rendered":"<p>Debljina 10 mm \u010dini plo\u010dicu vrlo izdr\u017eljivom i prijatnom na dodir. Redovna cena, ovih plo\u010dica u maloprodaji je 8991,85 RSD. U na\u0161oj online trgovini, je mo\u017eete kupiti za 7193,25 RSD. Fap ceramiche Groove Sand je proizvod iz Italije te je izuzetno kvalitetna. Veli\u010dina plo\u010dice je 60&#215;60 cm i odli\u010dna je za razli\u010dite povr\u0161ine. Keramika je [&hellip;]<\/p>\n","protected":false},"featured_media":90129,"template":"","meta":[],"product_cat":[999519,200,999,250],"product_tag":[],"_links":{"self":[{"href":"https:\/\/www.keramika.com\/srbija\/wp-json\/wp\/v2\/product\/90128"}],"collection":[{"href":"https:\/\/www.keramika.com\/srbija\/wp-json\/wp\/v2\/product"}],"about":[{"href":"https:\/\/www.keramika.com\/srbija\/wp-json\/wp\/v2\/types\/product"}],"wp:featuredmedia":[{"embeddable":true,"href":"https:\/\/www.keramika.com\/srbija\/wp-json\/wp\/v2\/media\/90129"}],"wp:attachment":[{"href":"https:\/\/www.keramika.com\/srbija\/wp-json\/wp\/v2\/media?parent=90128"}],"wp:term":[{"taxonomy":"product_cat","embeddable":true,"href":"https:\/\/www.keramika.com\/srbija\/wp-json\/wp\/v2\/product_cat?post=90128"},{"taxonomy":"product_tag","embeddable":true,"href":"https:\/\/www.keramika.com\/srbija\/wp-json\/wp\/v2\/product_tag?post=90128"}],"curies":[{"name":"wp","href":"https:\/\/api.w.org\/{rel}","templated":true}]}}